{"id":904,"date":"2024-10-16T14:10:01","date_gmt":"2024-10-16T14:10:01","guid":{"rendered":"https:\/\/mavetendance.fr\/?post_type=product&#038;p=904"},"modified":"2025-12-26T18:49:38","modified_gmt":"2025-12-26T17:49:38","slug":"cuissardes-femmes-noires","status":"publish","type":"product","link":"https:\/\/mavetendance.fr\/en\/product\/cuissardes-femmes-noires\/","title":{"rendered":"Cuissardes &#8220;Bella&#8221;"},"content":{"rendered":"<p>Ces cuissardes noires en su\u00e9dine offrent un look \u00e0 la fois audacieux et tendance. Leur coupe montante au-dessus du genou sublime la silhouette, tandis que la semelle \u00e9paisse crant\u00e9e assure confort et stabilit\u00e9. Le la\u00e7age \u00e0 l&#8217;arri\u00e8re de la cuisse permet d&#8217;ajuster la botte \u00e0 votre morphologie pour un maintien parfait tout au long de la journ\u00e9e. Ces cuissardes sont id\u00e9ales pour un look chic et urbain. Que ce soit avec un short, une jupe ou une robe, elles s&#8217;adaptent \u00e0 toutes vos tenues et apportent une touche de modernit\u00e9 \u00e0 votre style automne-hiver.<\/p>\n","protected":false},"excerpt":{"rendered":"<ul>\n<li>Coloris :\u00a0 noir<\/li>\n<li>Mati\u00e8re : su\u00e9dine<\/li>\n<li>Mati\u00e8re de la semelle : \u00e9lastom\u00e8re<\/li>\n<li>Composition : \u00e0 base de polyur\u00e9thane<\/li>\n<\/ul>\n<p>Ne convient pas aux mollets forts.<\/p>\n<p><strong>Ce mod\u00e8le chausse normalement, nous vous recommandons de prendre votre pointure habituelle. Si vous \u00eates entre deux pointures, nous vous conseillons de prendre celle au-dessus.\u00a0<\/strong><\/p>\n","protected":false},"featured_media":1577,"comment_status":"open","ping_status":"closed","template":"","meta":[],"product_brand":[],"product_cat":[38,61,63],"product_tag":[],"class_list":{"0":"post-904","1":"product","2":"type-product","3":"status-publish","4":"has-post-thumbnail","6":"product_cat-cuissardes-mave-tendance","7":"product_cat-chaussures","8":"product_cat-toutes-les-chaussures","10":"first","11":"instock","12":"sale","13":"taxable","14":"shipping-taxable","15":"purchasable","16":"product-type-variable"},"jetpack_sharing_enabled":true,"_links":{"self":[{"href":"https:\/\/mavetendance.fr\/en\/wp-json\/wp\/v2\/product\/904","targetHints":{"allow":["GET"]}}],"collection":[{"href":"https:\/\/mavetendance.fr\/en\/wp-json\/wp\/v2\/product"}],"about":[{"href":"https:\/\/mavetendance.fr\/en\/wp-json\/wp\/v2\/types\/product"}],"replies":[{"embeddable":true,"href":"https:\/\/mavetendance.fr\/en\/wp-json\/wp\/v2\/comments?post=904"}],"wp:featuredmedia":[{"embeddable":true,"href":"https:\/\/mavetendance.fr\/en\/wp-json\/wp\/v2\/media\/1577"}],"wp:attachment":[{"href":"https:\/\/mavetendance.fr\/en\/wp-json\/wp\/v2\/media?parent=904"}],"wp:term":[{"taxonomy":"product_brand","embeddable":true,"href":"https:\/\/mavetendance.fr\/en\/wp-json\/wp\/v2\/product_brand?post=904"},{"taxonomy":"product_cat","embeddable":true,"href":"https:\/\/mavetendance.fr\/en\/wp-json\/wp\/v2\/product_cat?post=904"},{"taxonomy":"product_tag","embeddable":true,"href":"https:\/\/mavetendance.fr\/en\/wp-json\/wp\/v2\/product_tag?post=904"}],"curies":[{"name":"wp","href":"https:\/\/api.w.org\/{rel}","templated":true}]}}