{"id":880,"date":"2024-10-16T13:15:23","date_gmt":"2024-10-16T13:15:23","guid":{"rendered":"https:\/\/mavetendance.fr\/?post_type=product&#038;p=880"},"modified":"2026-02-28T16:04:49","modified_gmt":"2026-02-28T15:04:49","slug":"bottines-santiags-beiges-saint-dizier","status":"publish","type":"product","link":"https:\/\/mavetendance.fr\/en\/product\/bottines-santiags-beiges-saint-dizier\/","title":{"rendered":"Santiags &#8220;Eva&#8221;"},"content":{"rendered":"<h2>Bottines santiags beiges<\/h2>\n<p>Ces santiags en su\u00e9dine dot\u00e9es d&#8217;un talon carr\u00e9 avec une finition dor\u00e9e sur le bord, apportent une touche sophistiqu\u00e9e \u00e0 votre garde-robe. Leur bout pointu allonge la silhouette tout en offrant un confort optimal. Le coloris s&#8217;adapte facilement \u00e0 toutes vos tenues, qu&#8217;il s&#8217;agisse d&#8217;un look d\u00e9contract\u00e9 ou plus habill\u00e9. Avec leur allure intemporelle, ces santiags sont id\u00e9ales pour celles qui veulent allier tendance et praticit\u00e9 au quotidien.<\/p>\n<p><a href=\"http:\/\/mavetendance.fr\/product-category\/vetements\/\">Voir les autres v\u00eatements de la boutique<\/a><\/p>\n<p><a href=\"https:\/\/www.facebook.com\/profile.php?id=61564390847568&amp;sk=reviews\" target=\"_blank\" rel=\"noopener\">Avis sur Facebook<\/a><\/p>\n","protected":false},"excerpt":{"rendered":"<ul>\n<li>Coloris :\u00a0 taupe<\/li>\n<li>Mati\u00e8re : su\u00e9dine<\/li>\n<li>Mati\u00e8re de la semelle : \u00e9lastom\u00e8re<\/li>\n<li>Composition : \u00e0 base de polyur\u00e9thane<\/li>\n<\/ul>\n<p><strong>Ce mod\u00e8le chausse normalement, nous vous recommandons de prendre votre pointure habituelle. Si vous \u00eates entre deux pointures, nous vous conseillons de prendre celle au-dessus.\u00a0<\/strong><\/p>\n","protected":false},"featured_media":1582,"comment_status":"open","ping_status":"closed","template":"","meta":[],"product_brand":[],"product_cat":[39,61,63],"product_tag":[],"class_list":{"0":"post-880","1":"product","2":"type-product","3":"status-publish","4":"has-post-thumbnail","6":"product_cat-santiags-mave-tendance","7":"product_cat-chaussures","8":"product_cat-toutes-les-chaussures","10":"first","11":"instock","12":"sale","13":"taxable","14":"shipping-taxable","15":"purchasable","16":"product-type-variable"},"jetpack_sharing_enabled":true,"_links":{"self":[{"href":"https:\/\/mavetendance.fr\/en\/wp-json\/wp\/v2\/product\/880","targetHints":{"allow":["GET"]}}],"collection":[{"href":"https:\/\/mavetendance.fr\/en\/wp-json\/wp\/v2\/product"}],"about":[{"href":"https:\/\/mavetendance.fr\/en\/wp-json\/wp\/v2\/types\/product"}],"replies":[{"embeddable":true,"href":"https:\/\/mavetendance.fr\/en\/wp-json\/wp\/v2\/comments?post=880"}],"wp:featuredmedia":[{"embeddable":true,"href":"https:\/\/mavetendance.fr\/en\/wp-json\/wp\/v2\/media\/1582"}],"wp:attachment":[{"href":"https:\/\/mavetendance.fr\/en\/wp-json\/wp\/v2\/media?parent=880"}],"wp:term":[{"taxonomy":"product_brand","embeddable":true,"href":"https:\/\/mavetendance.fr\/en\/wp-json\/wp\/v2\/product_brand?post=880"},{"taxonomy":"product_cat","embeddable":true,"href":"https:\/\/mavetendance.fr\/en\/wp-json\/wp\/v2\/product_cat?post=880"},{"taxonomy":"product_tag","embeddable":true,"href":"https:\/\/mavetendance.fr\/en\/wp-json\/wp\/v2\/product_tag?post=880"}],"curies":[{"name":"wp","href":"https:\/\/api.w.org\/{rel}","templated":true}]}}