{"id":791,"date":"2024-10-15T21:18:01","date_gmt":"2024-10-15T21:18:01","guid":{"rendered":"https:\/\/mavetendance.fr\/?post_type=product&#038;p=791"},"modified":"2026-01-08T01:48:39","modified_gmt":"2026-01-08T00:48:39","slug":"bottines-talons-camel","status":"publish","type":"product","link":"https:\/\/mavetendance.fr\/en\/product\/bottines-talons-camel\/","title":{"rendered":"Bottines &#8220;M\u00e9lo&#8221;"},"content":{"rendered":"<p>Ces bottines camel \u00e0 talons allient \u00e9l\u00e9gance et confort avec un design travaill\u00e9. Fabriqu\u00e9es en simili cuir, elles se distinguent par leurs d\u00e9tails textur\u00e9s sur les c\u00f4t\u00e9s, ajoutant une touche de raffinement. Les deux boucles dor\u00e9es \u00e0 l&#8217;arri\u00e8re apportent un accent chic tout en assurant un ajustement parfait. Leur talon \u00e9pais de taille moyenne offre une stabilit\u00e9 id\u00e9ales pour un port quotidien. Polyvalentes, ces bottines sont parfaites pour rehausser une tenue d\u00e9contract\u00e9e ou compl\u00e9ter un look plus habill\u00e9 avec \u00e9l\u00e9gance.<\/p>\n","protected":false},"excerpt":{"rendered":"<ul>\n<li>Coloris :\u00a0 camel<\/li>\n<li>Mati\u00e8re : simili cuir<\/li>\n<li>Mati\u00e8re de la semelle : \u00e9lastom\u00e8re<\/li>\n<li>Composition : \u00e0 base de polyur\u00e9thane<\/li>\n<\/ul>\n<p><strong>Ce mod\u00e8le chausse normalement, nous vous recommandons de prendre votre pointure habituelle. Si vous \u00eates entre deux pointures, nous vous conseillons de prendre celle au-dessus.\u00a0<\/strong><\/p>\n","protected":false},"featured_media":1601,"comment_status":"open","ping_status":"closed","template":"","meta":[],"product_brand":[],"product_cat":[37,61,40,63],"product_tag":[],"class_list":{"0":"post-791","1":"product","2":"type-product","3":"status-publish","4":"has-post-thumbnail","6":"product_cat-bottines-et-bottes","7":"product_cat-chaussures","8":"product_cat-talons","9":"product_cat-toutes-les-chaussures","11":"first","12":"instock","13":"sale","14":"taxable","15":"shipping-taxable","16":"purchasable","17":"product-type-variable"},"jetpack_sharing_enabled":true,"_links":{"self":[{"href":"https:\/\/mavetendance.fr\/en\/wp-json\/wp\/v2\/product\/791","targetHints":{"allow":["GET"]}}],"collection":[{"href":"https:\/\/mavetendance.fr\/en\/wp-json\/wp\/v2\/product"}],"about":[{"href":"https:\/\/mavetendance.fr\/en\/wp-json\/wp\/v2\/types\/product"}],"replies":[{"embeddable":true,"href":"https:\/\/mavetendance.fr\/en\/wp-json\/wp\/v2\/comments?post=791"}],"wp:featuredmedia":[{"embeddable":true,"href":"https:\/\/mavetendance.fr\/en\/wp-json\/wp\/v2\/media\/1601"}],"wp:attachment":[{"href":"https:\/\/mavetendance.fr\/en\/wp-json\/wp\/v2\/media?parent=791"}],"wp:term":[{"taxonomy":"product_brand","embeddable":true,"href":"https:\/\/mavetendance.fr\/en\/wp-json\/wp\/v2\/product_brand?post=791"},{"taxonomy":"product_cat","embeddable":true,"href":"https:\/\/mavetendance.fr\/en\/wp-json\/wp\/v2\/product_cat?post=791"},{"taxonomy":"product_tag","embeddable":true,"href":"https:\/\/mavetendance.fr\/en\/wp-json\/wp\/v2\/product_tag?post=791"}],"curies":[{"name":"wp","href":"https:\/\/api.w.org\/{rel}","templated":true}]}}