{"id":778,"date":"2024-10-15T21:07:59","date_gmt":"2024-10-15T21:07:59","guid":{"rendered":"https:\/\/mavetendance.fr\/?post_type=product&#038;p=778"},"modified":"2026-02-28T16:11:15","modified_gmt":"2026-02-28T15:11:15","slug":"bottines-talon-carre","status":"publish","type":"product","link":"https:\/\/mavetendance.fr\/en\/product\/bottines-talon-carre\/","title":{"rendered":"Bottines &#8220;Oana&#8221;"},"content":{"rendered":"<p>Ces bottines en simili cuir noir \u00e0 effet croco apportent une touche de sophistication audacieuse \u00e0 n&#8217;importe quelle tenue. Leur talon \u00e9pais et confortable assure une allure \u00e9lanc\u00e9e tout en offrant une stabilit\u00e9 pour un port quotidien. Avec leur bout l\u00e9g\u00e8rement pointu, elles incarnent un style \u00e0 la fois chic et moderne. Les d\u00e9tails en relief imitant la peau de crocodile ajoutent du caract\u00e8re et de l&#8217;\u00e9l\u00e9gance \u00e0 ces bottines. Parfaites pour un look de jour comme de soir\u00e9e, elles se marient aussi bien avec un jean, qu&#8217;une robe pour un effet mode assur\u00e9.<\/p>\n","protected":false},"excerpt":{"rendered":"<ul>\n<li>Coloris :\u00a0 noir<\/li>\n<li>Mati\u00e8re : simili cuir<\/li>\n<li>Mati\u00e8re de la semelle : \u00e9lastom\u00e8re<\/li>\n<li>Composition : \u00e0 base de polyur\u00e9thane<\/li>\n<\/ul>\n<p><strong>Ce mod\u00e8le chausse normalement, nous vous recommandons de prendre votre pointure habituelle. Si vous \u00eates entre deux pointures, nous vous conseillons de prendre celle au-dessus.\u00a0<\/strong><\/p>\n","protected":false},"featured_media":1606,"comment_status":"open","ping_status":"closed","template":"","meta":[],"product_brand":[],"product_cat":[37,61,40,63],"product_tag":[],"class_list":{"0":"post-778","1":"product","2":"type-product","3":"status-publish","4":"has-post-thumbnail","6":"product_cat-bottines-et-bottes","7":"product_cat-chaussures","8":"product_cat-talons","9":"product_cat-toutes-les-chaussures","11":"first","12":"instock","13":"sale","14":"taxable","15":"shipping-taxable","16":"purchasable","17":"product-type-variable"},"jetpack_sharing_enabled":true,"_links":{"self":[{"href":"https:\/\/mavetendance.fr\/en\/wp-json\/wp\/v2\/product\/778","targetHints":{"allow":["GET"]}}],"collection":[{"href":"https:\/\/mavetendance.fr\/en\/wp-json\/wp\/v2\/product"}],"about":[{"href":"https:\/\/mavetendance.fr\/en\/wp-json\/wp\/v2\/types\/product"}],"replies":[{"embeddable":true,"href":"https:\/\/mavetendance.fr\/en\/wp-json\/wp\/v2\/comments?post=778"}],"wp:featuredmedia":[{"embeddable":true,"href":"https:\/\/mavetendance.fr\/en\/wp-json\/wp\/v2\/media\/1606"}],"wp:attachment":[{"href":"https:\/\/mavetendance.fr\/en\/wp-json\/wp\/v2\/media?parent=778"}],"wp:term":[{"taxonomy":"product_brand","embeddable":true,"href":"https:\/\/mavetendance.fr\/en\/wp-json\/wp\/v2\/product_brand?post=778"},{"taxonomy":"product_cat","embeddable":true,"href":"https:\/\/mavetendance.fr\/en\/wp-json\/wp\/v2\/product_cat?post=778"},{"taxonomy":"product_tag","embeddable":true,"href":"https:\/\/mavetendance.fr\/en\/wp-json\/wp\/v2\/product_tag?post=778"}],"curies":[{"name":"wp","href":"https:\/\/api.w.org\/{rel}","templated":true}]}}