{"id":771,"date":"2024-10-15T20:54:47","date_gmt":"2024-10-15T20:54:47","guid":{"rendered":"https:\/\/mavetendance.fr\/?post_type=product&#038;p=771"},"modified":"2025-06-06T14:45:45","modified_gmt":"2025-06-06T13:45:45","slug":"bottines-rangers-gris-metallise","status":"publish","type":"product","link":"https:\/\/mavetendance.fr\/en\/product\/bottines-rangers-gris-metallise\/","title":{"rendered":"Rangers \u00ab Lise \u00bb &#8211; Gris m\u00e9tallis\u00e9"},"content":{"rendered":"<p>Ces bottines style rangers, \u00e0 lacet, au design \u00e0 la fois robuste et tendance, sont parfaites pour un look audacieux. La fermeture \u00e9clair lat\u00e9rale permet un enfilage rapide, tandis que les lacets permettent un ajustement sur mesure. La semelle crant\u00e9e \u00e9paisse assure une bonne adh\u00e9rence et une touche de style urbain. Polyvalentes et confortables, ces bottines sont id\u00e9ales pour compl\u00e9ter une tenue casual ou apporter une pointe de caract\u00e8re \u00e0 un look plus sophistiqu\u00e9.<\/p>\n","protected":false},"excerpt":{"rendered":"<ul>\n<li>Coloris :\u00a0 gris m\u00e9tallis\u00e9<\/li>\n<li>Mati\u00e8re : simili cuir<\/li>\n<li>Mati\u00e8re de la semelle : \u00e9lastom\u00e8re<\/li>\n<li>Composition : \u00e0 base de polyur\u00e9thane<\/li>\n<\/ul>\n<p>Ne convient pas aux mollets forts.<\/p>\n<p><strong>Ce mod\u00e8le chausse normalement, nous vous recommandons de prendre votre pointure habituelle. Si vous \u00eates entre deux pointures, nous vous conseillons de prendre celle au-dessus.<\/strong><\/p>\n","protected":false},"featured_media":1613,"comment_status":"open","ping_status":"closed","template":"","meta":[],"product_brand":[],"product_cat":[37,61,63],"product_tag":[],"class_list":{"0":"post-771","1":"product","2":"type-product","3":"status-publish","4":"has-post-thumbnail","6":"product_cat-bottines-et-bottes","7":"product_cat-chaussures","8":"product_cat-toutes-les-chaussures","10":"first","11":"instock","12":"sale","13":"taxable","14":"shipping-taxable","15":"purchasable","16":"product-type-variable"},"jetpack_sharing_enabled":true,"_links":{"self":[{"href":"https:\/\/mavetendance.fr\/en\/wp-json\/wp\/v2\/product\/771","targetHints":{"allow":["GET"]}}],"collection":[{"href":"https:\/\/mavetendance.fr\/en\/wp-json\/wp\/v2\/product"}],"about":[{"href":"https:\/\/mavetendance.fr\/en\/wp-json\/wp\/v2\/types\/product"}],"replies":[{"embeddable":true,"href":"https:\/\/mavetendance.fr\/en\/wp-json\/wp\/v2\/comments?post=771"}],"wp:featuredmedia":[{"embeddable":true,"href":"https:\/\/mavetendance.fr\/en\/wp-json\/wp\/v2\/media\/1613"}],"wp:attachment":[{"href":"https:\/\/mavetendance.fr\/en\/wp-json\/wp\/v2\/media?parent=771"}],"wp:term":[{"taxonomy":"product_brand","embeddable":true,"href":"https:\/\/mavetendance.fr\/en\/wp-json\/wp\/v2\/product_brand?post=771"},{"taxonomy":"product_cat","embeddable":true,"href":"https:\/\/mavetendance.fr\/en\/wp-json\/wp\/v2\/product_cat?post=771"},{"taxonomy":"product_tag","embeddable":true,"href":"https:\/\/mavetendance.fr\/en\/wp-json\/wp\/v2\/product_tag?post=771"}],"curies":[{"name":"wp","href":"https:\/\/api.w.org\/{rel}","templated":true}]}}