{"id":576,"date":"2024-10-15T15:07:33","date_gmt":"2024-10-15T15:07:33","guid":{"rendered":"https:\/\/mavetendance.fr\/?post_type=product&#038;p=576"},"modified":"2026-01-08T01:49:54","modified_gmt":"2026-01-08T00:49:54","slug":"bottines-noires-en-suedine-saint-dizier","status":"publish","type":"product","link":"https:\/\/mavetendance.fr\/en\/product\/bottines-noires-en-suedine-saint-dizier\/","title":{"rendered":"Bottines noires en su\u00e9dine &#8220;Cha&#8221;"},"content":{"rendered":"<h2>Bottines noires en su\u00e9dine<\/h2>\n<p>Ces bottines fourr\u00e9es en su\u00e9dine noire sont un choix parfait pour affronter les journ\u00e9es froides tout en restant styl\u00e9e. Dot\u00e9es d&#8217;une fourrure douce et chaude \u00e0 l&#8217;int\u00e9rieur, elles offrent un confort in\u00e9gal\u00e9 tout en gardant vos pieds au chaud. Leur semelle compens\u00e9e \u00e9paisse ajoute une touche moderne et assure une excellente isolation contre le froid du sol, tout en apportant une hauteur subtile. Minimalistes et \u00e9l\u00e9gantes, elles s&#8217;adaptent \u00e0 de nombreuses tenues, allant du casual au plus chic. Id\u00e9ales pour les journ\u00e9es d&#8217;hiver, ces bottines combinent style et confort dans un design intemporel.<\/p>\n<p><a href=\"http:\/\/mavetendance.fr\/product-category\/vetements\/\">Voir les autres v\u00eatements de la boutique<\/a><\/p>\n<p><a href=\"https:\/\/www.facebook.com\/profile.php?id=61564390847568&amp;sk=reviews\" target=\"_blank\" rel=\"noopener\">Avis sur Facebook<\/a><\/p>\n","protected":false},"excerpt":{"rendered":"<ul>\n<li>Coloris :\u00a0 noir<\/li>\n<li>Mati\u00e8re : su\u00e9dine<\/li>\n<li>Mati\u00e8re de la semelle : \u00e9lastom\u00e8re<\/li>\n<li>Composition : \u00e0 base de polyur\u00e9thane<\/li>\n<li>Autres pr\u00e9cisions : fourrure synth\u00e9tique \u00e0 l&#8217;int\u00e9rieur<\/li>\n<\/ul>\n<p><strong>Ce mod\u00e8le chausse petit, nous vous recommandons de prendre une pointure au dessus de votre pointure habituelle.<\/strong><\/p>\n","protected":false},"featured_media":1672,"comment_status":"open","ping_status":"closed","template":"","meta":[],"product_brand":[],"product_cat":[37,61,63],"product_tag":[],"class_list":{"0":"post-576","1":"product","2":"type-product","3":"status-publish","4":"has-post-thumbnail","6":"product_cat-bottines-et-bottes","7":"product_cat-chaussures","8":"product_cat-toutes-les-chaussures","10":"first","11":"instock","12":"sale","13":"taxable","14":"shipping-taxable","15":"purchasable","16":"product-type-variable"},"jetpack_sharing_enabled":true,"_links":{"self":[{"href":"https:\/\/mavetendance.fr\/en\/wp-json\/wp\/v2\/product\/576","targetHints":{"allow":["GET"]}}],"collection":[{"href":"https:\/\/mavetendance.fr\/en\/wp-json\/wp\/v2\/product"}],"about":[{"href":"https:\/\/mavetendance.fr\/en\/wp-json\/wp\/v2\/types\/product"}],"replies":[{"embeddable":true,"href":"https:\/\/mavetendance.fr\/en\/wp-json\/wp\/v2\/comments?post=576"}],"wp:featuredmedia":[{"embeddable":true,"href":"https:\/\/mavetendance.fr\/en\/wp-json\/wp\/v2\/media\/1672"}],"wp:attachment":[{"href":"https:\/\/mavetendance.fr\/en\/wp-json\/wp\/v2\/media?parent=576"}],"wp:term":[{"taxonomy":"product_brand","embeddable":true,"href":"https:\/\/mavetendance.fr\/en\/wp-json\/wp\/v2\/product_brand?post=576"},{"taxonomy":"product_cat","embeddable":true,"href":"https:\/\/mavetendance.fr\/en\/wp-json\/wp\/v2\/product_cat?post=576"},{"taxonomy":"product_tag","embeddable":true,"href":"https:\/\/mavetendance.fr\/en\/wp-json\/wp\/v2\/product_tag?post=576"}],"curies":[{"name":"wp","href":"https:\/\/api.w.org\/{rel}","templated":true}]}}