{"id":559,"date":"2024-10-15T14:52:42","date_gmt":"2024-10-15T14:52:42","guid":{"rendered":"https:\/\/mavetendance.fr\/?post_type=product&#038;p=559"},"modified":"2026-04-22T21:40:52","modified_gmt":"2026-04-22T20:40:52","slug":"baskets-confortables-saint-dizier","status":"publish","type":"product","link":"https:\/\/mavetendance.fr\/en\/product\/baskets-confortables-saint-dizier\/","title":{"rendered":"Baskets confortables &#8220;Eden&#8221;"},"content":{"rendered":"<h2>Baskets confortables<\/h2>\n<p>Ces baskets allient style et confort avec un design moderne et des mat\u00e9riaux vari\u00e9s. Elles se distinguent par une base en tissu tiss\u00e9 multicolore, subtilement m\u00e9lang\u00e9e \u00e0 des empi\u00e8cements en su\u00e9dine verte pour une allure naturelle et \u00e9l\u00e9gante. Les touches de dor\u00e9 m\u00e9tallis\u00e9 sur les c\u00f4t\u00e9s et \u00e0 l&#8217;arri\u00e8re ajoutent une touche d&#8217;\u00e9clat, tandis que la semelle compens\u00e9e blanche et verte assure un maintien optimal tout au long de la journ\u00e9e. Parfaites pour un look casual avec une pointe de sophistication, ces sneakers sont id\u00e9ales pour celles qui cherchent \u00e0 allier confort et originalit\u00e9 dans leur quotidien.<\/p>\n<p><a href=\"http:\/\/mavetendance.fr\/product-category\/vetements\/\">Voir les autres v\u00eatements de la boutique<\/a><\/p>\n<p><a href=\"https:\/\/www.facebook.com\/profile.php?id=61564390847568&amp;sk=reviews\" target=\"_blank\" rel=\"noopener\">Avis sur Facebook<\/a><\/p>\n","protected":false},"excerpt":{"rendered":"<ul>\n<li>Coloris :\u00a0 vert, beige, et dor\u00e9<\/li>\n<li>Mati\u00e8re : su\u00e9dine<\/li>\n<li>Mati\u00e8re de la semelle : \u00e9lastom\u00e8re<\/li>\n<li>Composition : \u00e0 base de polyur\u00e9thane<\/li>\n<\/ul>\n<p><strong>Ce mod\u00e8le chausse normalement, nous vous recommandons de prendre votre pointure habituelle. Si vous \u00eates entre deux pointures, nous vous conseillons de prendre celle au-dessus.\u00a0<\/strong><\/p>\n","protected":false},"featured_media":1679,"comment_status":"open","ping_status":"closed","template":"","meta":[],"product_brand":[],"product_cat":[36,61,63],"product_tag":[],"class_list":{"0":"post-559","1":"product","2":"type-product","3":"status-publish","4":"has-post-thumbnail","6":"product_cat-baskets-mave-tendance","7":"product_cat-chaussures","8":"product_cat-toutes-les-chaussures","10":"first","11":"instock","12":"sale","13":"taxable","14":"shipping-taxable","15":"purchasable","16":"product-type-variable"},"jetpack_sharing_enabled":true,"_links":{"self":[{"href":"https:\/\/mavetendance.fr\/en\/wp-json\/wp\/v2\/product\/559","targetHints":{"allow":["GET"]}}],"collection":[{"href":"https:\/\/mavetendance.fr\/en\/wp-json\/wp\/v2\/product"}],"about":[{"href":"https:\/\/mavetendance.fr\/en\/wp-json\/wp\/v2\/types\/product"}],"replies":[{"embeddable":true,"href":"https:\/\/mavetendance.fr\/en\/wp-json\/wp\/v2\/comments?post=559"}],"wp:featuredmedia":[{"embeddable":true,"href":"https:\/\/mavetendance.fr\/en\/wp-json\/wp\/v2\/media\/1679"}],"wp:attachment":[{"href":"https:\/\/mavetendance.fr\/en\/wp-json\/wp\/v2\/media?parent=559"}],"wp:term":[{"taxonomy":"product_brand","embeddable":true,"href":"https:\/\/mavetendance.fr\/en\/wp-json\/wp\/v2\/product_brand?post=559"},{"taxonomy":"product_cat","embeddable":true,"href":"https:\/\/mavetendance.fr\/en\/wp-json\/wp\/v2\/product_cat?post=559"},{"taxonomy":"product_tag","embeddable":true,"href":"https:\/\/mavetendance.fr\/en\/wp-json\/wp\/v2\/product_tag?post=559"}],"curies":[{"name":"wp","href":"https:\/\/api.w.org\/{rel}","templated":true}]}}