{"id":527,"date":"2024-10-15T13:21:50","date_gmt":"2024-10-15T13:21:50","guid":{"rendered":"https:\/\/mavetendance.fr\/?post_type=product&#038;p=527"},"modified":"2026-04-02T04:52:49","modified_gmt":"2026-04-02T03:52:49","slug":"baskets-tendance","status":"publish","type":"product","link":"https:\/\/mavetendance.fr\/en\/product\/baskets-tendance\/","title":{"rendered":"Baskets &#8220;Ma\u00eblle&#8221;"},"content":{"rendered":"<p>Ces baskets tendance combinent confort et originalit\u00e9 avec une touche d&#8217;\u00e9l\u00e9gance. Elles se distinguent par une texture tiss\u00e9e raffin\u00e9e \u00e0 domination blanche, r\u00e9hauss\u00e9e par une \u00e9toile paillet\u00e9e rose dor\u00e9 sur les c\u00f4t\u00e9s ext\u00e9rieurs, apportant une note de glamour. Les empi\u00e8cements en su\u00e9dine kaki ajoutent une touche de caract\u00e8re. Ces chaussures sont parfaites pour celles qui recherchent un style chic et d\u00e9contract\u00e9, alliant modernit\u00e9 et d\u00e9tails sophistiqu\u00e9s.<\/p>\n","protected":false},"excerpt":{"rendered":"<ul>\n<li>Coloris :\u00a0 blanc, et kaki<\/li>\n<li>Mati\u00e8re de la semelle : \u00e9lastom\u00e8re<\/li>\n<li>Composition : \u00e0 base de polyur\u00e9thane<\/li>\n<\/ul>\n<p><strong>Ce mod\u00e8le chausse normalement, nous vous recommandons de prendre votre pointure habituelle. Si vous \u00eates entre deux pointures, nous vous conseillons de prendre celle au-dessus.\u00a0<\/strong><\/p>\n","protected":false},"featured_media":1686,"comment_status":"open","ping_status":"closed","template":"","meta":[],"product_brand":[],"product_cat":[36,61,63],"product_tag":[],"class_list":{"0":"post-527","1":"product","2":"type-product","3":"status-publish","4":"has-post-thumbnail","6":"product_cat-baskets-mave-tendance","7":"product_cat-chaussures","8":"product_cat-toutes-les-chaussures","10":"first","11":"instock","12":"sale","13":"taxable","14":"shipping-taxable","15":"purchasable","16":"product-type-variable"},"jetpack_sharing_enabled":true,"_links":{"self":[{"href":"https:\/\/mavetendance.fr\/en\/wp-json\/wp\/v2\/product\/527","targetHints":{"allow":["GET"]}}],"collection":[{"href":"https:\/\/mavetendance.fr\/en\/wp-json\/wp\/v2\/product"}],"about":[{"href":"https:\/\/mavetendance.fr\/en\/wp-json\/wp\/v2\/types\/product"}],"replies":[{"embeddable":true,"href":"https:\/\/mavetendance.fr\/en\/wp-json\/wp\/v2\/comments?post=527"}],"wp:featuredmedia":[{"embeddable":true,"href":"https:\/\/mavetendance.fr\/en\/wp-json\/wp\/v2\/media\/1686"}],"wp:attachment":[{"href":"https:\/\/mavetendance.fr\/en\/wp-json\/wp\/v2\/media?parent=527"}],"wp:term":[{"taxonomy":"product_brand","embeddable":true,"href":"https:\/\/mavetendance.fr\/en\/wp-json\/wp\/v2\/product_brand?post=527"},{"taxonomy":"product_cat","embeddable":true,"href":"https:\/\/mavetendance.fr\/en\/wp-json\/wp\/v2\/product_cat?post=527"},{"taxonomy":"product_tag","embeddable":true,"href":"https:\/\/mavetendance.fr\/en\/wp-json\/wp\/v2\/product_tag?post=527"}],"curies":[{"name":"wp","href":"https:\/\/api.w.org\/{rel}","templated":true}]}}