{"id":513,"date":"2024-10-15T11:15:21","date_gmt":"2024-10-15T11:15:21","guid":{"rendered":"https:\/\/mavetendance.fr\/?post_type=product&#038;p=513"},"modified":"2026-04-25T09:29:37","modified_gmt":"2026-04-25T08:29:37","slug":"baskets-grises","status":"publish","type":"product","link":"https:\/\/mavetendance.fr\/en\/product\/baskets-grises\/","title":{"rendered":"Baskets &#8220;Oph\u00e9&#8221;"},"content":{"rendered":"<p>Ces baskets se distinguent par leur combinaison de diff\u00e9rentes couleurs. Avec leurs d\u00e9tails paillet\u00e9s elles apportent une touche de style \u00e0 votre tenue. Confortables et tendances, elles s\u2019adaptent parfaitement \u00e0 vos tenues du quotidien.<\/p>\n","protected":false},"excerpt":{"rendered":"<ul>\n<li>Coloris :\u00a0 blanc, et gris<\/li>\n<li>Mati\u00e8re : su\u00e9dine<\/li>\n<li>Mati\u00e8re de la semelle : \u00e9lastom\u00e8re<\/li>\n<li>Composition : \u00e0 base de polyur\u00e9thane<\/li>\n<\/ul>\n<p><strong>Ce mod\u00e8le chausse normalement, nous vous recommandons de prendre votre pointure habituelle. Si vous \u00eates entre deux pointures, nous vous conseillons de prendre celle au-dessus.\u00a0<\/strong><\/p>\n","protected":false},"featured_media":1687,"comment_status":"open","ping_status":"closed","template":"","meta":[],"product_brand":[],"product_cat":[36,61,63],"product_tag":[],"class_list":{"0":"post-513","1":"product","2":"type-product","3":"status-publish","4":"has-post-thumbnail","6":"product_cat-baskets-mave-tendance","7":"product_cat-chaussures","8":"product_cat-toutes-les-chaussures","10":"first","11":"instock","12":"sale","13":"taxable","14":"shipping-taxable","15":"purchasable","16":"product-type-variable"},"jetpack_sharing_enabled":true,"_links":{"self":[{"href":"https:\/\/mavetendance.fr\/en\/wp-json\/wp\/v2\/product\/513","targetHints":{"allow":["GET"]}}],"collection":[{"href":"https:\/\/mavetendance.fr\/en\/wp-json\/wp\/v2\/product"}],"about":[{"href":"https:\/\/mavetendance.fr\/en\/wp-json\/wp\/v2\/types\/product"}],"replies":[{"embeddable":true,"href":"https:\/\/mavetendance.fr\/en\/wp-json\/wp\/v2\/comments?post=513"}],"wp:featuredmedia":[{"embeddable":true,"href":"https:\/\/mavetendance.fr\/en\/wp-json\/wp\/v2\/media\/1687"}],"wp:attachment":[{"href":"https:\/\/mavetendance.fr\/en\/wp-json\/wp\/v2\/media?parent=513"}],"wp:term":[{"taxonomy":"product_brand","embeddable":true,"href":"https:\/\/mavetendance.fr\/en\/wp-json\/wp\/v2\/product_brand?post=513"},{"taxonomy":"product_cat","embeddable":true,"href":"https:\/\/mavetendance.fr\/en\/wp-json\/wp\/v2\/product_cat?post=513"},{"taxonomy":"product_tag","embeddable":true,"href":"https:\/\/mavetendance.fr\/en\/wp-json\/wp\/v2\/product_tag?post=513"}],"curies":[{"name":"wp","href":"https:\/\/api.w.org\/{rel}","templated":true}]}}