{"id":471,"date":"2024-10-15T10:37:04","date_gmt":"2024-10-15T10:37:04","guid":{"rendered":"https:\/\/mavetendance.fr\/?post_type=product&#038;p=471"},"modified":"2026-02-12T00:57:23","modified_gmt":"2026-02-11T23:57:23","slug":"baskets-noires-femme","status":"publish","type":"product","link":"https:\/\/mavetendance.fr\/en\/product\/baskets-noires-femme\/","title":{"rendered":"Baskets &#8220;Ga\u00efa&#8221;"},"content":{"rendered":"<p>Ces baskets \u00e9l\u00e9gantes pr\u00e9sentent un design moderne avec une combinaison de noir scintillant et de blanc. Les lacets blancs contrastent joliment avec la texture paillet\u00e9e des parties noires. La semelle blanche, l\u00e9g\u00e8rement sur\u00e9lev\u00e9e au talon, ajoute une touche de confort et de style.<\/p>\n","protected":false},"excerpt":{"rendered":"<ul>\n<li>Coloris :\u00a0 noir<\/li>\n<li>Mati\u00e8re : simili cuir<\/li>\n<li>Mati\u00e8re de la semelle : \u00e9lastom\u00e8re<\/li>\n<li>Composition : \u00e0 base de polyur\u00e9thane<\/li>\n<\/ul>\n<p><strong>Ce mod\u00e8le chausse normalement, nous vous recommandons de prendre votre pointure habituelle. Si vous \u00eates entre deux pointures, nous vous conseillons de prendre celle au-dessus.\u00a0<\/strong><\/p>\n","protected":false},"featured_media":1697,"comment_status":"open","ping_status":"closed","template":"","meta":[],"product_brand":[],"product_cat":[36,61,63],"product_tag":[],"class_list":{"0":"post-471","1":"product","2":"type-product","3":"status-publish","4":"has-post-thumbnail","6":"product_cat-baskets-mave-tendance","7":"product_cat-chaussures","8":"product_cat-toutes-les-chaussures","10":"first","11":"instock","12":"sale","13":"taxable","14":"shipping-taxable","15":"purchasable","16":"product-type-variable"},"jetpack_sharing_enabled":true,"_links":{"self":[{"href":"https:\/\/mavetendance.fr\/en\/wp-json\/wp\/v2\/product\/471","targetHints":{"allow":["GET"]}}],"collection":[{"href":"https:\/\/mavetendance.fr\/en\/wp-json\/wp\/v2\/product"}],"about":[{"href":"https:\/\/mavetendance.fr\/en\/wp-json\/wp\/v2\/types\/product"}],"replies":[{"embeddable":true,"href":"https:\/\/mavetendance.fr\/en\/wp-json\/wp\/v2\/comments?post=471"}],"wp:featuredmedia":[{"embeddable":true,"href":"https:\/\/mavetendance.fr\/en\/wp-json\/wp\/v2\/media\/1697"}],"wp:attachment":[{"href":"https:\/\/mavetendance.fr\/en\/wp-json\/wp\/v2\/media?parent=471"}],"wp:term":[{"taxonomy":"product_brand","embeddable":true,"href":"https:\/\/mavetendance.fr\/en\/wp-json\/wp\/v2\/product_brand?post=471"},{"taxonomy":"product_cat","embeddable":true,"href":"https:\/\/mavetendance.fr\/en\/wp-json\/wp\/v2\/product_cat?post=471"},{"taxonomy":"product_tag","embeddable":true,"href":"https:\/\/mavetendance.fr\/en\/wp-json\/wp\/v2\/product_tag?post=471"}],"curies":[{"name":"wp","href":"https:\/\/api.w.org\/{rel}","templated":true}]}}