{"id":456,"date":"2024-10-15T10:06:38","date_gmt":"2024-10-15T10:06:38","guid":{"rendered":"https:\/\/mavetendance.fr\/?post_type=product&#038;p=456"},"modified":"2026-03-20T19:59:10","modified_gmt":"2026-03-20T18:59:10","slug":"baskets-blanches-femme","status":"publish","type":"product","link":"https:\/\/mavetendance.fr\/en\/product\/baskets-blanches-femme\/","title":{"rendered":"Baskets &#8220;Love&#8221;"},"content":{"rendered":"<p>Ajoutez une touche romantique \u00e0 votre style avec ces baskets blanches orn\u00e9es de c\u0153urs rouges m\u00e9tallis\u00e9s \u00e0 l&#8217;arri\u00e8re. Leur design moderne et minimaliste est rehauss\u00e9 par ce d\u00e9tail lumineux, parfait pour celles qui veulent un look casual avec une note d&#8217;originalit\u00e9.<\/p>\n","protected":false},"excerpt":{"rendered":"<ul>\n<li>Coloris :\u00a0 blanc, et rouge m\u00e9tallis\u00e9<\/li>\n<li>Mati\u00e8re : simili cuir<\/li>\n<li>Mati\u00e8re de la semelle : \u00e9lastom\u00e8re<\/li>\n<li>Composition : \u00e0 base de polyur\u00e9thane<\/li>\n<\/ul>\n<p><strong>Ce mod\u00e8le chausse normalement, nous vous recommandons de prendre votre pointure habituelle. Si vous \u00eates entre deux pointures, nous vous conseillons de prendre celle au-dessus.\u00a0<\/strong><\/p>\n","protected":false},"featured_media":1702,"comment_status":"open","ping_status":"closed","template":"","meta":[],"product_brand":[],"product_cat":[36,61,63],"product_tag":[],"class_list":{"0":"post-456","1":"product","2":"type-product","3":"status-publish","4":"has-post-thumbnail","6":"product_cat-baskets-mave-tendance","7":"product_cat-chaussures","8":"product_cat-toutes-les-chaussures","10":"first","11":"instock","12":"sale","13":"taxable","14":"shipping-taxable","15":"purchasable","16":"product-type-variable"},"jetpack_sharing_enabled":true,"_links":{"self":[{"href":"https:\/\/mavetendance.fr\/en\/wp-json\/wp\/v2\/product\/456","targetHints":{"allow":["GET"]}}],"collection":[{"href":"https:\/\/mavetendance.fr\/en\/wp-json\/wp\/v2\/product"}],"about":[{"href":"https:\/\/mavetendance.fr\/en\/wp-json\/wp\/v2\/types\/product"}],"replies":[{"embeddable":true,"href":"https:\/\/mavetendance.fr\/en\/wp-json\/wp\/v2\/comments?post=456"}],"wp:featuredmedia":[{"embeddable":true,"href":"https:\/\/mavetendance.fr\/en\/wp-json\/wp\/v2\/media\/1702"}],"wp:attachment":[{"href":"https:\/\/mavetendance.fr\/en\/wp-json\/wp\/v2\/media?parent=456"}],"wp:term":[{"taxonomy":"product_brand","embeddable":true,"href":"https:\/\/mavetendance.fr\/en\/wp-json\/wp\/v2\/product_brand?post=456"},{"taxonomy":"product_cat","embeddable":true,"href":"https:\/\/mavetendance.fr\/en\/wp-json\/wp\/v2\/product_cat?post=456"},{"taxonomy":"product_tag","embeddable":true,"href":"https:\/\/mavetendance.fr\/en\/wp-json\/wp\/v2\/product_tag?post=456"}],"curies":[{"name":"wp","href":"https:\/\/api.w.org\/{rel}","templated":true}]}}