{"id":3703,"date":"2026-03-09T22:07:29","date_gmt":"2026-03-09T21:07:29","guid":{"rendered":"https:\/\/mavetendance.fr\/?post_type=product&#038;p=3703"},"modified":"2026-04-25T09:32:11","modified_gmt":"2026-04-25T08:32:11","slug":"claquettes-camel-aimee","status":"publish","type":"product","link":"https:\/\/mavetendance.fr\/en\/product\/claquettes-camel-aimee\/","title":{"rendered":"Claquettes camel &#8220;Aim\u00e9e&#8221;"},"content":{"rendered":"<p>Craquez pour ces claquettes camel d\u00e9cor\u00e9es de petits c\u0153urs rouges, parfaites pour apporter une touche originale et f\u00e9minine \u00e0 vos tenues. Leur mati\u00e8re l\u00e9g\u00e8rement paillet\u00e9e associ\u00e9es aux broderies c\u0153urs cr\u00e9e un mod\u00e8le \u00e0 la fois tendance et plein de charme. Les deux boucles r\u00e9glables permettent d\u2019ajuster parfaitement la chaussure pour plus de confort.<\/p>\n","protected":false},"excerpt":{"rendered":"<p>Coloris :\u00a0 camel<br \/>\nMati\u00e8re : textile<br \/>\nMati\u00e8re de la semelle : \u00e9lastom\u00e8re<\/p>\n<p><strong>Ce mod\u00e8le chausse normalement, nous vous recommandons de prendre votre pointure habituelle. Si vous \u00eates entre deux pointures, nous vous conseillons de prendre celle au-dessus.\u00a0<\/strong><\/p>\n","protected":false},"featured_media":3364,"comment_status":"open","ping_status":"closed","template":"","meta":[],"product_brand":[],"product_cat":[61,76,34,63],"product_tag":[],"class_list":{"0":"post-3703","1":"product","2":"type-product","3":"status-publish","4":"has-post-thumbnail","6":"product_cat-chaussures","7":"product_cat-claquettes","8":"product_cat-nouveautes-mave-tendance","9":"product_cat-toutes-les-chaussures","11":"first","12":"instock","13":"taxable","14":"shipping-taxable","15":"purchasable","16":"product-type-variable"},"jetpack_sharing_enabled":true,"_links":{"self":[{"href":"https:\/\/mavetendance.fr\/en\/wp-json\/wp\/v2\/product\/3703","targetHints":{"allow":["GET"]}}],"collection":[{"href":"https:\/\/mavetendance.fr\/en\/wp-json\/wp\/v2\/product"}],"about":[{"href":"https:\/\/mavetendance.fr\/en\/wp-json\/wp\/v2\/types\/product"}],"replies":[{"embeddable":true,"href":"https:\/\/mavetendance.fr\/en\/wp-json\/wp\/v2\/comments?post=3703"}],"wp:featuredmedia":[{"embeddable":true,"href":"https:\/\/mavetendance.fr\/en\/wp-json\/wp\/v2\/media\/3364"}],"wp:attachment":[{"href":"https:\/\/mavetendance.fr\/en\/wp-json\/wp\/v2\/media?parent=3703"}],"wp:term":[{"taxonomy":"product_brand","embeddable":true,"href":"https:\/\/mavetendance.fr\/en\/wp-json\/wp\/v2\/product_brand?post=3703"},{"taxonomy":"product_cat","embeddable":true,"href":"https:\/\/mavetendance.fr\/en\/wp-json\/wp\/v2\/product_cat?post=3703"},{"taxonomy":"product_tag","embeddable":true,"href":"https:\/\/mavetendance.fr\/en\/wp-json\/wp\/v2\/product_tag?post=3703"}],"curies":[{"name":"wp","href":"https:\/\/api.w.org\/{rel}","templated":true}]}}