{"id":3688,"date":"2026-03-09T20:07:45","date_gmt":"2026-03-09T19:07:45","guid":{"rendered":"https:\/\/mavetendance.fr\/?post_type=product&#038;p=3688"},"modified":"2026-04-02T04:51:46","modified_gmt":"2026-04-02T03:51:46","slug":"baskets-montantes-romy","status":"publish","type":"product","link":"https:\/\/mavetendance.fr\/en\/product\/baskets-montantes-romy\/","title":{"rendered":"Baskets montantes &#8220;Romy&#8221;"},"content":{"rendered":"<p>Craquez pour ces baskets montantes au design original et tendance. Leur mati\u00e8re apporte une touche chic et lumineuse, tandis que le d\u00e9tail oeil en perles et strass donne \u00e0 ce mod\u00e8le une vraie personnalit\u00e9. Mont\u00e9es sur une semelle \u00e9paisse et confortable, ces baskets offrent un bon maintien gr\u00e2ce \u00e0 leur forme montante et sont id\u00e9ales pour un usage quotidien. Faciles \u00e0 associer, elles se portent parfaitement avec un jean, un pantalon ou une tenue d\u00e9contract\u00e9e pour un look moderne et styl\u00e9.<\/p>\n","protected":false},"excerpt":{"rendered":"<p>Coloris :\u00a0 argent &amp; bleu<br \/>\nMati\u00e8re : textile<br \/>\nMati\u00e8re de la semelle : \u00e9lastom\u00e8re<\/p>\n<p><strong>Ce mod\u00e8le chausse normalement, nous vous recommandons de prendre votre pointure habituelle. Si vous \u00eates entre deux pointures, nous vous conseillons de prendre celle au-dessus.\u00a0<\/strong><\/p>\n","protected":false},"featured_media":3387,"comment_status":"open","ping_status":"closed","template":"","meta":[],"product_brand":[],"product_cat":[61,36,34,63],"product_tag":[],"class_list":{"0":"post-3688","1":"product","2":"type-product","3":"status-publish","4":"has-post-thumbnail","6":"product_cat-chaussures","7":"product_cat-baskets-mave-tendance","8":"product_cat-nouveautes-mave-tendance","9":"product_cat-toutes-les-chaussures","11":"first","12":"instock","13":"taxable","14":"shipping-taxable","15":"purchasable","16":"product-type-variable"},"jetpack_sharing_enabled":true,"_links":{"self":[{"href":"https:\/\/mavetendance.fr\/en\/wp-json\/wp\/v2\/product\/3688","targetHints":{"allow":["GET"]}}],"collection":[{"href":"https:\/\/mavetendance.fr\/en\/wp-json\/wp\/v2\/product"}],"about":[{"href":"https:\/\/mavetendance.fr\/en\/wp-json\/wp\/v2\/types\/product"}],"replies":[{"embeddable":true,"href":"https:\/\/mavetendance.fr\/en\/wp-json\/wp\/v2\/comments?post=3688"}],"wp:featuredmedia":[{"embeddable":true,"href":"https:\/\/mavetendance.fr\/en\/wp-json\/wp\/v2\/media\/3387"}],"wp:attachment":[{"href":"https:\/\/mavetendance.fr\/en\/wp-json\/wp\/v2\/media?parent=3688"}],"wp:term":[{"taxonomy":"product_brand","embeddable":true,"href":"https:\/\/mavetendance.fr\/en\/wp-json\/wp\/v2\/product_brand?post=3688"},{"taxonomy":"product_cat","embeddable":true,"href":"https:\/\/mavetendance.fr\/en\/wp-json\/wp\/v2\/product_cat?post=3688"},{"taxonomy":"product_tag","embeddable":true,"href":"https:\/\/mavetendance.fr\/en\/wp-json\/wp\/v2\/product_tag?post=3688"}],"curies":[{"name":"wp","href":"https:\/\/api.w.org\/{rel}","templated":true}]}}