{"id":3680,"date":"2026-03-09T18:15:28","date_gmt":"2026-03-09T17:15:28","guid":{"rendered":"https:\/\/mavetendance.fr\/?post_type=product&#038;p=3680"},"modified":"2026-04-25T09:30:51","modified_gmt":"2026-04-25T08:30:51","slug":"baskets-imprime-vache-milka","status":"publish","type":"product","link":"https:\/\/mavetendance.fr\/en\/product\/baskets-imprime-vache-milka\/","title":{"rendered":"Baskets imprim\u00e9 vache &#8220;Milka&#8221;"},"content":{"rendered":"<p>Avec ces baskets imprim\u00e9 vache, apportez une touche originale \u00e0 vos tenues. Le m\u00e9lange de blanc, marron et imprim\u00e9 animal donne \u00e0 ce mod\u00e8le un style moderne et affirm\u00e9. Les d\u00e9tails marron et les lacets assortis apportent une belle harmonie \u00e0 l&#8217;ensemble, tandis que les empi\u00e8cements effet poils renforcent l&#8217;effet mode. Mont\u00e9es sur une semelle \u00e9paisse et confortable, ces baskets sont id\u00e9ales pour un usage quotidien.<\/p>\n","protected":false},"excerpt":{"rendered":"<p>Coloris :\u00a0 blanc &amp; marron<br \/>\nMati\u00e8re : synth\u00e9tique<br \/>\nMati\u00e8re de la semelle : \u00e9lastom\u00e8re<\/p>\n<p><strong>Ce mod\u00e8le chausse normalement, nous vous recommandons de prendre votre pointure habituelle. Si vous \u00eates entre deux pointures, nous vous conseillons de prendre celle au-dessus.\u00a0<\/strong><\/p>\n","protected":false},"featured_media":3380,"comment_status":"open","ping_status":"closed","template":"","meta":[],"product_brand":[],"product_cat":[61,36,34,63],"product_tag":[],"class_list":{"0":"post-3680","1":"product","2":"type-product","3":"status-publish","4":"has-post-thumbnail","6":"product_cat-chaussures","7":"product_cat-baskets-mave-tendance","8":"product_cat-nouveautes-mave-tendance","9":"product_cat-toutes-les-chaussures","11":"first","12":"instock","13":"taxable","14":"shipping-taxable","15":"purchasable","16":"product-type-variable"},"jetpack_sharing_enabled":true,"_links":{"self":[{"href":"https:\/\/mavetendance.fr\/en\/wp-json\/wp\/v2\/product\/3680","targetHints":{"allow":["GET"]}}],"collection":[{"href":"https:\/\/mavetendance.fr\/en\/wp-json\/wp\/v2\/product"}],"about":[{"href":"https:\/\/mavetendance.fr\/en\/wp-json\/wp\/v2\/types\/product"}],"replies":[{"embeddable":true,"href":"https:\/\/mavetendance.fr\/en\/wp-json\/wp\/v2\/comments?post=3680"}],"wp:featuredmedia":[{"embeddable":true,"href":"https:\/\/mavetendance.fr\/en\/wp-json\/wp\/v2\/media\/3380"}],"wp:attachment":[{"href":"https:\/\/mavetendance.fr\/en\/wp-json\/wp\/v2\/media?parent=3680"}],"wp:term":[{"taxonomy":"product_brand","embeddable":true,"href":"https:\/\/mavetendance.fr\/en\/wp-json\/wp\/v2\/product_brand?post=3680"},{"taxonomy":"product_cat","embeddable":true,"href":"https:\/\/mavetendance.fr\/en\/wp-json\/wp\/v2\/product_cat?post=3680"},{"taxonomy":"product_tag","embeddable":true,"href":"https:\/\/mavetendance.fr\/en\/wp-json\/wp\/v2\/product_tag?post=3680"}],"curies":[{"name":"wp","href":"https:\/\/api.w.org\/{rel}","templated":true}]}}