{"id":3673,"date":"2026-03-09T16:55:53","date_gmt":"2026-03-09T15:55:53","guid":{"rendered":"https:\/\/mavetendance.fr\/?post_type=product&#038;p=3673"},"modified":"2026-03-19T18:04:02","modified_gmt":"2026-03-19T17:04:02","slug":"baskets-dorees-alma","status":"publish","type":"product","link":"https:\/\/mavetendance.fr\/en\/product\/baskets-dorees-alma\/","title":{"rendered":"Baskets dor\u00e9es &#8220;Alma&#8221;"},"content":{"rendered":"<p>Apportez une touche lumineuse \u00e0 vos tenues avec ces baskets dor\u00e9es paillet\u00e9es, parfaites pour allier confort et style. Leur mati\u00e8re paillet\u00e9e dor\u00e9e attire subtilement la lumi\u00e8re et donne \u00e0 cette paire un look chic et f\u00e9minin. Les empi\u00e8cements beige doux et les bandes dor\u00e9es cr\u00e9ent un contraste \u00e9l\u00e9gant et moderne. Mont\u00e9es sur une semelle \u00e9paisse et confortable, ces baskets offrent un excellent maintien et sont id\u00e9ales pour accompagner vos journ\u00e9es avec style.<\/p>\n","protected":false},"excerpt":{"rendered":"<p>Coloris :\u00a0 dor\u00e9 paillet\u00e9<br \/>\nMati\u00e8re : synth\u00e9tique<br \/>\nMati\u00e8re de la semelle : \u00e9lastom\u00e8re<\/p>\n<p><strong>Ce mod\u00e8le chausse normalement, nous vous recommandons de prendre votre pointure habituelle. Si vous \u00eates entre deux pointures, nous vous conseillons de prendre celle au-dessus.\u00a0<\/strong><\/p>\n","protected":false},"featured_media":3466,"comment_status":"open","ping_status":"closed","template":"","meta":[],"product_brand":[],"product_cat":[61,36,34,63],"product_tag":[],"class_list":{"0":"post-3673","1":"product","2":"type-product","3":"status-publish","4":"has-post-thumbnail","6":"product_cat-chaussures","7":"product_cat-baskets-mave-tendance","8":"product_cat-nouveautes-mave-tendance","9":"product_cat-toutes-les-chaussures","11":"first","12":"instock","13":"taxable","14":"shipping-taxable","15":"purchasable","16":"product-type-variable"},"jetpack_sharing_enabled":true,"_links":{"self":[{"href":"https:\/\/mavetendance.fr\/en\/wp-json\/wp\/v2\/product\/3673","targetHints":{"allow":["GET"]}}],"collection":[{"href":"https:\/\/mavetendance.fr\/en\/wp-json\/wp\/v2\/product"}],"about":[{"href":"https:\/\/mavetendance.fr\/en\/wp-json\/wp\/v2\/types\/product"}],"replies":[{"embeddable":true,"href":"https:\/\/mavetendance.fr\/en\/wp-json\/wp\/v2\/comments?post=3673"}],"wp:featuredmedia":[{"embeddable":true,"href":"https:\/\/mavetendance.fr\/en\/wp-json\/wp\/v2\/media\/3466"}],"wp:attachment":[{"href":"https:\/\/mavetendance.fr\/en\/wp-json\/wp\/v2\/media?parent=3673"}],"wp:term":[{"taxonomy":"product_brand","embeddable":true,"href":"https:\/\/mavetendance.fr\/en\/wp-json\/wp\/v2\/product_brand?post=3673"},{"taxonomy":"product_cat","embeddable":true,"href":"https:\/\/mavetendance.fr\/en\/wp-json\/wp\/v2\/product_cat?post=3673"},{"taxonomy":"product_tag","embeddable":true,"href":"https:\/\/mavetendance.fr\/en\/wp-json\/wp\/v2\/product_tag?post=3673"}],"curies":[{"name":"wp","href":"https:\/\/api.w.org\/{rel}","templated":true}]}}