{"id":3665,"date":"2026-03-09T16:45:43","date_gmt":"2026-03-09T15:45:43","guid":{"rendered":"https:\/\/mavetendance.fr\/?post_type=product&#038;p=3665"},"modified":"2026-04-27T23:07:09","modified_gmt":"2026-04-27T22:07:09","slug":"baskets-etoile-blanche-naia","status":"publish","type":"product","link":"https:\/\/mavetendance.fr\/en\/product\/baskets-etoile-blanche-naia\/","title":{"rendered":"Baskets \u00e9toile blanche &#8220;Na\u00efa&#8221;"},"content":{"rendered":"<p>Apportez une touche moderne \u00e0 vos tenues avec ces baskets \u00e9toile blanches au design urbain et tendance. Leur \u00e9toile m\u00e9tallis\u00e9e argent\u00e9e, associ\u00e9e aux d\u00e9tails jaune, apporte une note dynamique et originale. Les petites inscriptions d\u00e9coratives renforcent leur style casual et moderne.<\/p>\n","protected":false},"excerpt":{"rendered":"<p>Coloris :\u00a0 blanc &amp; jaune<br \/>\nMati\u00e8re : synth\u00e9tique<br \/>\nMati\u00e8re de la semelle : \u00e9lastom\u00e8re<\/p>\n<p><strong>Ce mod\u00e8le chausse normalement, nous vous recommandons de prendre votre pointure habituelle. Si vous \u00eates entre deux pointures, nous vous conseillons de prendre celle au-dessus.\u00a0<\/strong><\/p>\n","protected":false},"featured_media":3543,"comment_status":"open","ping_status":"closed","template":"","meta":[],"product_brand":[],"product_cat":[61,36,34,63],"product_tag":[],"class_list":{"0":"post-3665","1":"product","2":"type-product","3":"status-publish","4":"has-post-thumbnail","6":"product_cat-chaussures","7":"product_cat-baskets-mave-tendance","8":"product_cat-nouveautes-mave-tendance","9":"product_cat-toutes-les-chaussures","11":"first","12":"instock","13":"taxable","14":"shipping-taxable","15":"purchasable","16":"product-type-variable"},"jetpack_sharing_enabled":true,"_links":{"self":[{"href":"https:\/\/mavetendance.fr\/en\/wp-json\/wp\/v2\/product\/3665","targetHints":{"allow":["GET"]}}],"collection":[{"href":"https:\/\/mavetendance.fr\/en\/wp-json\/wp\/v2\/product"}],"about":[{"href":"https:\/\/mavetendance.fr\/en\/wp-json\/wp\/v2\/types\/product"}],"replies":[{"embeddable":true,"href":"https:\/\/mavetendance.fr\/en\/wp-json\/wp\/v2\/comments?post=3665"}],"wp:featuredmedia":[{"embeddable":true,"href":"https:\/\/mavetendance.fr\/en\/wp-json\/wp\/v2\/media\/3543"}],"wp:attachment":[{"href":"https:\/\/mavetendance.fr\/en\/wp-json\/wp\/v2\/media?parent=3665"}],"wp:term":[{"taxonomy":"product_brand","embeddable":true,"href":"https:\/\/mavetendance.fr\/en\/wp-json\/wp\/v2\/product_brand?post=3665"},{"taxonomy":"product_cat","embeddable":true,"href":"https:\/\/mavetendance.fr\/en\/wp-json\/wp\/v2\/product_cat?post=3665"},{"taxonomy":"product_tag","embeddable":true,"href":"https:\/\/mavetendance.fr\/en\/wp-json\/wp\/v2\/product_tag?post=3665"}],"curies":[{"name":"wp","href":"https:\/\/api.w.org\/{rel}","templated":true}]}}