{"id":3657,"date":"2026-03-09T16:33:47","date_gmt":"2026-03-09T15:33:47","guid":{"rendered":"https:\/\/mavetendance.fr\/?post_type=product&#038;p=3657"},"modified":"2026-04-27T18:54:17","modified_gmt":"2026-04-27T17:54:17","slug":"baskets-a-scratch-amore","status":"publish","type":"product","link":"https:\/\/mavetendance.fr\/en\/product\/baskets-a-scratch-amore\/","title":{"rendered":"Baskets \u00e0 scratch &#8220;Amore&#8221;"},"content":{"rendered":"<p>Craquez pour ces baskets \u00e0 scratch \u00e9cru au style naturel et estival, parfaites pour accompagner vos tenues d&#8217;\u00e9t\u00e9. Leur semelle effet corde tress\u00e9e apporte une touche boh\u00e8me tr\u00e8s tendance, tandis que la broderie ajoute un d\u00e9tail d\u00e9licat et f\u00e9minin. Gr\u00e2ce \u00e0 leur fermeture \u00e0 scratch pratique, ces baskets sont faciles \u00e0 enfiler tout en assurant un bon maintien du pied. Leur coloris \u00e9cru doux et lumineux s&#8217;associe facilement avec toutes vos tenues.<\/p>\n","protected":false},"excerpt":{"rendered":"<p>Coloris :\u00a0 \u00e9cru<br \/>\nMati\u00e8re : textile<br \/>\nMati\u00e8re de la semelle : \u00e9lastom\u00e8re<\/p>\n<p><strong>Ce mod\u00e8le chausse normalement, nous vous recommandons de prendre votre pointure habituelle. Si vous \u00eates entre deux pointures, nous vous conseillons de prendre celle au-dessus.\u00a0<\/strong><\/p>\n","protected":false},"featured_media":3575,"comment_status":"open","ping_status":"closed","template":"","meta":[],"product_brand":[],"product_cat":[61,36,34,63],"product_tag":[],"class_list":{"0":"post-3657","1":"product","2":"type-product","3":"status-publish","4":"has-post-thumbnail","6":"product_cat-chaussures","7":"product_cat-baskets-mave-tendance","8":"product_cat-nouveautes-mave-tendance","9":"product_cat-toutes-les-chaussures","11":"first","12":"instock","13":"taxable","14":"shipping-taxable","15":"purchasable","16":"product-type-variable"},"jetpack_sharing_enabled":true,"_links":{"self":[{"href":"https:\/\/mavetendance.fr\/en\/wp-json\/wp\/v2\/product\/3657","targetHints":{"allow":["GET"]}}],"collection":[{"href":"https:\/\/mavetendance.fr\/en\/wp-json\/wp\/v2\/product"}],"about":[{"href":"https:\/\/mavetendance.fr\/en\/wp-json\/wp\/v2\/types\/product"}],"replies":[{"embeddable":true,"href":"https:\/\/mavetendance.fr\/en\/wp-json\/wp\/v2\/comments?post=3657"}],"wp:featuredmedia":[{"embeddable":true,"href":"https:\/\/mavetendance.fr\/en\/wp-json\/wp\/v2\/media\/3575"}],"wp:attachment":[{"href":"https:\/\/mavetendance.fr\/en\/wp-json\/wp\/v2\/media?parent=3657"}],"wp:term":[{"taxonomy":"product_brand","embeddable":true,"href":"https:\/\/mavetendance.fr\/en\/wp-json\/wp\/v2\/product_brand?post=3657"},{"taxonomy":"product_cat","embeddable":true,"href":"https:\/\/mavetendance.fr\/en\/wp-json\/wp\/v2\/product_cat?post=3657"},{"taxonomy":"product_tag","embeddable":true,"href":"https:\/\/mavetendance.fr\/en\/wp-json\/wp\/v2\/product_tag?post=3657"}],"curies":[{"name":"wp","href":"https:\/\/api.w.org\/{rel}","templated":true}]}}