{"id":3649,"date":"2026-03-09T15:18:11","date_gmt":"2026-03-09T14:18:11","guid":{"rendered":"https:\/\/mavetendance.fr\/?post_type=product&#038;p=3649"},"modified":"2026-04-25T09:33:09","modified_gmt":"2026-04-25T08:33:09","slug":"baskets-a-motifs-lemona","status":"publish","type":"product","link":"https:\/\/mavetendance.fr\/en\/product\/baskets-a-motifs-lemona\/","title":{"rendered":"Baskets \u00e0 motifs &#8220;Lemona&#8221;"},"content":{"rendered":"<p>Apportez une touche de fra\u00eecheur \u00e0 vos tenues avec ces baskets \u00e0 motifs citrons, au style estival. Leurs motifs brod\u00e9s apportent une note originale et lumineuse, tandis que la semelle effet corde tress\u00e9e leur donne un esprit naturel et tendance. Ces baskets allient style et l\u00e9g\u00e8ret\u00e9 pour un usage quotidien.<\/p>\n","protected":false},"excerpt":{"rendered":"<p>Coloris :\u00a0 blanc<br \/>\nMati\u00e8re : textile<br \/>\nMati\u00e8re de la semelle : \u00e9lastom\u00e8re<\/p>\n<p><strong>Ce mod\u00e8le chausse normalement, nous vous recommandons de prendre votre pointure habituelle. Si vous \u00eates entre deux pointures, nous vous conseillons de prendre celle au-dessus.\u00a0<\/strong><\/p>\n","protected":false},"featured_media":3513,"comment_status":"open","ping_status":"closed","template":"","meta":[],"product_brand":[],"product_cat":[61,36,75,34,63],"product_tag":[],"class_list":{"0":"post-3649","1":"product","2":"type-product","3":"status-publish","4":"has-post-thumbnail","6":"product_cat-chaussures","7":"product_cat-baskets-mave-tendance","8":"product_cat-espadrilles","9":"product_cat-nouveautes-mave-tendance","10":"product_cat-toutes-les-chaussures","12":"first","13":"instock","14":"taxable","15":"shipping-taxable","16":"purchasable","17":"product-type-variable"},"jetpack_sharing_enabled":true,"_links":{"self":[{"href":"https:\/\/mavetendance.fr\/en\/wp-json\/wp\/v2\/product\/3649","targetHints":{"allow":["GET"]}}],"collection":[{"href":"https:\/\/mavetendance.fr\/en\/wp-json\/wp\/v2\/product"}],"about":[{"href":"https:\/\/mavetendance.fr\/en\/wp-json\/wp\/v2\/types\/product"}],"replies":[{"embeddable":true,"href":"https:\/\/mavetendance.fr\/en\/wp-json\/wp\/v2\/comments?post=3649"}],"wp:featuredmedia":[{"embeddable":true,"href":"https:\/\/mavetendance.fr\/en\/wp-json\/wp\/v2\/media\/3513"}],"wp:attachment":[{"href":"https:\/\/mavetendance.fr\/en\/wp-json\/wp\/v2\/media?parent=3649"}],"wp:term":[{"taxonomy":"product_brand","embeddable":true,"href":"https:\/\/mavetendance.fr\/en\/wp-json\/wp\/v2\/product_brand?post=3649"},{"taxonomy":"product_cat","embeddable":true,"href":"https:\/\/mavetendance.fr\/en\/wp-json\/wp\/v2\/product_cat?post=3649"},{"taxonomy":"product_tag","embeddable":true,"href":"https:\/\/mavetendance.fr\/en\/wp-json\/wp\/v2\/product_tag?post=3649"}],"curies":[{"name":"wp","href":"https:\/\/api.w.org\/{rel}","templated":true}]}}