{"id":3634,"date":"2026-03-08T23:55:11","date_gmt":"2026-03-08T22:55:11","guid":{"rendered":"https:\/\/mavetendance.fr\/?post_type=product&#038;p=3634"},"modified":"2026-03-08T23:55:12","modified_gmt":"2026-03-08T22:55:12","slug":"baskets-beiges-melya","status":"publish","type":"product","link":"https:\/\/mavetendance.fr\/en\/product\/baskets-beiges-melya\/","title":{"rendered":"Baskets beiges &#8220;M\u00e9lya&#8221;"},"content":{"rendered":"<p>Craquez pour ces baskets beiges au design original, parfaites pour apporter une touche tendance \u00e0 vos tenues. Leur \u00e9toile blanche sur le c\u00f4t\u00e9, associ\u00e9e aux lacets rouges brillants, apporte une note dynamique et moderne.<\/p>\n","protected":false},"excerpt":{"rendered":"<p>Coloris :\u00a0 beige, rouge &amp; bleu<br \/>\nMati\u00e8re : synth\u00e9tique, su\u00e9dine<br \/>\nMati\u00e8re de la semelle : \u00e9lastom\u00e8re<\/p>\n<p><strong>Ce mod\u00e8le chausse normalement, nous vous recommandons de prendre votre pointure habituelle. Si vous \u00eates entre deux pointures, nous vous conseillons de prendre celle au-dessus.\u00a0<\/strong><\/p>\n","protected":false},"featured_media":3505,"comment_status":"open","ping_status":"closed","template":"","meta":[],"product_brand":[],"product_cat":[61,36,34,63],"product_tag":[],"class_list":{"0":"post-3634","1":"product","2":"type-product","3":"status-publish","4":"has-post-thumbnail","6":"product_cat-chaussures","7":"product_cat-baskets-mave-tendance","8":"product_cat-nouveautes-mave-tendance","9":"product_cat-toutes-les-chaussures","11":"first","12":"instock","13":"taxable","14":"shipping-taxable","15":"purchasable","16":"product-type-variable"},"jetpack_sharing_enabled":true,"_links":{"self":[{"href":"https:\/\/mavetendance.fr\/en\/wp-json\/wp\/v2\/product\/3634","targetHints":{"allow":["GET"]}}],"collection":[{"href":"https:\/\/mavetendance.fr\/en\/wp-json\/wp\/v2\/product"}],"about":[{"href":"https:\/\/mavetendance.fr\/en\/wp-json\/wp\/v2\/types\/product"}],"replies":[{"embeddable":true,"href":"https:\/\/mavetendance.fr\/en\/wp-json\/wp\/v2\/comments?post=3634"}],"wp:featuredmedia":[{"embeddable":true,"href":"https:\/\/mavetendance.fr\/en\/wp-json\/wp\/v2\/media\/3505"}],"wp:attachment":[{"href":"https:\/\/mavetendance.fr\/en\/wp-json\/wp\/v2\/media?parent=3634"}],"wp:term":[{"taxonomy":"product_brand","embeddable":true,"href":"https:\/\/mavetendance.fr\/en\/wp-json\/wp\/v2\/product_brand?post=3634"},{"taxonomy":"product_cat","embeddable":true,"href":"https:\/\/mavetendance.fr\/en\/wp-json\/wp\/v2\/product_cat?post=3634"},{"taxonomy":"product_tag","embeddable":true,"href":"https:\/\/mavetendance.fr\/en\/wp-json\/wp\/v2\/product_tag?post=3634"}],"curies":[{"name":"wp","href":"https:\/\/api.w.org\/{rel}","templated":true}]}}