{"id":3627,"date":"2026-03-08T22:42:58","date_gmt":"2026-03-08T21:42:58","guid":{"rendered":"https:\/\/mavetendance.fr\/?post_type=product&#038;p=3627"},"modified":"2026-04-22T21:49:39","modified_gmt":"2026-04-22T20:49:39","slug":"baskets-vertes-rosy","status":"publish","type":"product","link":"https:\/\/mavetendance.fr\/en\/product\/baskets-vertes-rosy\/","title":{"rendered":"Baskets vertes &#8220;Rosy&#8221;"},"content":{"rendered":"<p>Apportez une touche de couleur \u00e0 vos tenues avec ces baskets vertes au design original. Leur \u00e9toile rose fuchsia sur le c\u00f4t\u00e9 et leurs lacets verts scintillants apportent une note tendance et dynamique. La mati\u00e8re effet su\u00e9dine donne un rendu doux et \u00e9l\u00e9gant, tandis que la semelle renforce leur style casual.<\/p>\n","protected":false},"excerpt":{"rendered":"<p>Coloris :\u00a0 verte &amp; fuchsia<br \/>\nMati\u00e8re : synth\u00e9tique, su\u00e9dine<br \/>\nMati\u00e8re de la semelle : \u00e9lastom\u00e8re<\/p>\n<p><strong>Ce mod\u00e8le chausse normalement, nous vous recommandons de prendre votre pointure habituelle. Si vous \u00eates entre deux pointures, nous vous conseillons de prendre celle au-dessus.\u00a0<\/strong><\/p>\n","protected":false},"featured_media":3436,"comment_status":"open","ping_status":"closed","template":"","meta":[],"product_brand":[],"product_cat":[61,36,34,63],"product_tag":[],"class_list":{"0":"post-3627","1":"product","2":"type-product","3":"status-publish","4":"has-post-thumbnail","6":"product_cat-chaussures","7":"product_cat-baskets-mave-tendance","8":"product_cat-nouveautes-mave-tendance","9":"product_cat-toutes-les-chaussures","11":"first","12":"instock","13":"taxable","14":"shipping-taxable","15":"purchasable","16":"product-type-variable"},"jetpack_sharing_enabled":true,"_links":{"self":[{"href":"https:\/\/mavetendance.fr\/en\/wp-json\/wp\/v2\/product\/3627","targetHints":{"allow":["GET"]}}],"collection":[{"href":"https:\/\/mavetendance.fr\/en\/wp-json\/wp\/v2\/product"}],"about":[{"href":"https:\/\/mavetendance.fr\/en\/wp-json\/wp\/v2\/types\/product"}],"replies":[{"embeddable":true,"href":"https:\/\/mavetendance.fr\/en\/wp-json\/wp\/v2\/comments?post=3627"}],"wp:featuredmedia":[{"embeddable":true,"href":"https:\/\/mavetendance.fr\/en\/wp-json\/wp\/v2\/media\/3436"}],"wp:attachment":[{"href":"https:\/\/mavetendance.fr\/en\/wp-json\/wp\/v2\/media?parent=3627"}],"wp:term":[{"taxonomy":"product_brand","embeddable":true,"href":"https:\/\/mavetendance.fr\/en\/wp-json\/wp\/v2\/product_brand?post=3627"},{"taxonomy":"product_cat","embeddable":true,"href":"https:\/\/mavetendance.fr\/en\/wp-json\/wp\/v2\/product_cat?post=3627"},{"taxonomy":"product_tag","embeddable":true,"href":"https:\/\/mavetendance.fr\/en\/wp-json\/wp\/v2\/product_tag?post=3627"}],"curies":[{"name":"wp","href":"https:\/\/api.w.org\/{rel}","templated":true}]}}