{"id":3612,"date":"2026-03-07T22:07:31","date_gmt":"2026-03-07T21:07:31","guid":{"rendered":"https:\/\/mavetendance.fr\/?post_type=product&#038;p=3612"},"modified":"2026-04-27T23:05:38","modified_gmt":"2026-04-27T22:05:38","slug":"claquette-plateforme-elsa","status":"publish","type":"product","link":"https:\/\/mavetendance.fr\/en\/product\/claquette-plateforme-elsa\/","title":{"rendered":"Claquettes plateforme &#8220;Elsa&#8221;"},"content":{"rendered":"<p>Adoptez un style estival et \u00e9l\u00e9gant avec ces claquettes plateforme beige \u00e0 double bride, parfaites pour accompagner toutes vos tenues de saison. Leur mati\u00e8re effet tress\u00e9 apporte une touche naturelle et tendance, tandis que les boucles dor\u00e9es r\u00e9glables ajoutent une note chic et raffin\u00e9e. Mont\u00e9es sur une semelle plateforme effet corde, elles offrent \u00e0 la fois style et confort.<\/p>\n","protected":false},"excerpt":{"rendered":"<p>Coloris :\u00a0 beige, \u00e9cru<br \/>\nMati\u00e8re : synt\u00e9thique<br \/>\nMati\u00e8re de la semelle : \u00e9lastom\u00e8re<\/p>\n<p><strong>Ce mod\u00e8le chausse normalement, nous vous recommandons de prendre votre pointure habituelle. Si vous \u00eates entre deux pointures, nous vous conseillons de prendre celle au-dessus.\u00a0<\/strong><\/p>\n","protected":false},"featured_media":3458,"comment_status":"open","ping_status":"closed","template":"","meta":[],"product_brand":[],"product_cat":[61,76,34,63],"product_tag":[],"class_list":{"0":"post-3612","1":"product","2":"type-product","3":"status-publish","4":"has-post-thumbnail","6":"product_cat-chaussures","7":"product_cat-claquettes","8":"product_cat-nouveautes-mave-tendance","9":"product_cat-toutes-les-chaussures","11":"first","12":"instock","13":"taxable","14":"shipping-taxable","15":"purchasable","16":"product-type-variable"},"jetpack_sharing_enabled":true,"_links":{"self":[{"href":"https:\/\/mavetendance.fr\/en\/wp-json\/wp\/v2\/product\/3612","targetHints":{"allow":["GET"]}}],"collection":[{"href":"https:\/\/mavetendance.fr\/en\/wp-json\/wp\/v2\/product"}],"about":[{"href":"https:\/\/mavetendance.fr\/en\/wp-json\/wp\/v2\/types\/product"}],"replies":[{"embeddable":true,"href":"https:\/\/mavetendance.fr\/en\/wp-json\/wp\/v2\/comments?post=3612"}],"wp:featuredmedia":[{"embeddable":true,"href":"https:\/\/mavetendance.fr\/en\/wp-json\/wp\/v2\/media\/3458"}],"wp:attachment":[{"href":"https:\/\/mavetendance.fr\/en\/wp-json\/wp\/v2\/media?parent=3612"}],"wp:term":[{"taxonomy":"product_brand","embeddable":true,"href":"https:\/\/mavetendance.fr\/en\/wp-json\/wp\/v2\/product_brand?post=3612"},{"taxonomy":"product_cat","embeddable":true,"href":"https:\/\/mavetendance.fr\/en\/wp-json\/wp\/v2\/product_cat?post=3612"},{"taxonomy":"product_tag","embeddable":true,"href":"https:\/\/mavetendance.fr\/en\/wp-json\/wp\/v2\/product_tag?post=3612"}],"curies":[{"name":"wp","href":"https:\/\/api.w.org\/{rel}","templated":true}]}}