{"id":3605,"date":"2026-03-07T21:53:40","date_gmt":"2026-03-07T20:53:40","guid":{"rendered":"https:\/\/mavetendance.fr\/?post_type=product&#038;p=3605"},"modified":"2026-04-22T21:42:36","modified_gmt":"2026-04-22T20:42:36","slug":"claquettes-bijoux-lou","status":"publish","type":"product","link":"https:\/\/mavetendance.fr\/en\/product\/claquettes-bijoux-lou\/","title":{"rendered":"Claquettes bijoux &#8220;Lou&#8221;"},"content":{"rendered":"<p>Adoptez un style \u00e0 la fois chic et d\u00e9contract\u00e9 avec ces claquettes bijoux, parfaites pour accompagner toutes vos tenues estivales. Leur design \u00e9pur\u00e9 est sublim\u00e9 par un d\u00e9tail bijou dor\u00e9 d\u00e9licat, qui apporte une touche d&#8217;\u00e9l\u00e9gance et de f\u00e9minit\u00e9. La bride large assure un bon maintien du pied tout en offrant un confort agr\u00e9able.<\/p>\n","protected":false},"excerpt":{"rendered":"<p>Coloris :\u00a0 marron chocolat<br \/>\nMati\u00e8re : simili cuir<br \/>\nMati\u00e8re de la semelle : \u00e9lastom\u00e8re<br \/>\nAutres pr\u00e9cisions : bijou dor\u00e9<\/p>\n<p><strong>Ce mod\u00e8le chausse normalement, nous vous recommandons de prendre votre pointure habituelle. Si vous \u00eates entre deux pointures, nous vous conseillons de prendre celle au-dessus.\u00a0<\/strong><\/p>\n","protected":false},"featured_media":3492,"comment_status":"open","ping_status":"closed","template":"","meta":[],"product_brand":[],"product_cat":[61,76,34,63],"product_tag":[],"class_list":{"0":"post-3605","1":"product","2":"type-product","3":"status-publish","4":"has-post-thumbnail","6":"product_cat-chaussures","7":"product_cat-claquettes","8":"product_cat-nouveautes-mave-tendance","9":"product_cat-toutes-les-chaussures","11":"first","12":"instock","13":"taxable","14":"shipping-taxable","15":"purchasable","16":"product-type-variable"},"jetpack_sharing_enabled":true,"_links":{"self":[{"href":"https:\/\/mavetendance.fr\/en\/wp-json\/wp\/v2\/product\/3605","targetHints":{"allow":["GET"]}}],"collection":[{"href":"https:\/\/mavetendance.fr\/en\/wp-json\/wp\/v2\/product"}],"about":[{"href":"https:\/\/mavetendance.fr\/en\/wp-json\/wp\/v2\/types\/product"}],"replies":[{"embeddable":true,"href":"https:\/\/mavetendance.fr\/en\/wp-json\/wp\/v2\/comments?post=3605"}],"wp:featuredmedia":[{"embeddable":true,"href":"https:\/\/mavetendance.fr\/en\/wp-json\/wp\/v2\/media\/3492"}],"wp:attachment":[{"href":"https:\/\/mavetendance.fr\/en\/wp-json\/wp\/v2\/media?parent=3605"}],"wp:term":[{"taxonomy":"product_brand","embeddable":true,"href":"https:\/\/mavetendance.fr\/en\/wp-json\/wp\/v2\/product_brand?post=3605"},{"taxonomy":"product_cat","embeddable":true,"href":"https:\/\/mavetendance.fr\/en\/wp-json\/wp\/v2\/product_cat?post=3605"},{"taxonomy":"product_tag","embeddable":true,"href":"https:\/\/mavetendance.fr\/en\/wp-json\/wp\/v2\/product_tag?post=3605"}],"curies":[{"name":"wp","href":"https:\/\/api.w.org\/{rel}","templated":true}]}}