{"id":3597,"date":"2026-03-06T00:28:13","date_gmt":"2026-03-05T23:28:13","guid":{"rendered":"https:\/\/mavetendance.fr\/?post_type=product&#038;p=3597"},"modified":"2026-03-25T16:26:54","modified_gmt":"2026-03-25T15:26:54","slug":"ballerines-a-scratch-iris","status":"publish","type":"product","link":"https:\/\/mavetendance.fr\/en\/product\/ballerines-a-scratch-iris\/","title":{"rendered":"Ballerines \u00e0 scratch &#8220;Iris&#8221;"},"content":{"rendered":"<p>Apportez une touche de fraicheur \u00e0 vos tenues avec ces ballerines \u00e0 scratch au coloris jaune pastel, \u00e0 la fois modernes, f\u00e9minines et confortables. Ce mod\u00e8le original associe le style \u00e9l\u00e9gant d&#8217;une ballerine et le confort d&#8217;une basket, pour une chaussure facile \u00e0 porter au quotidien. Sa bride \u00e0 scratch assure un maintien parfait du pied tout en permettant un enfilage rapide et pratique. Parfaites avec un jean, une robe ou un pantalon l\u00e9ger, elles deviendront rapidement un indispensable de votre dressing.<\/p>\n","protected":false},"excerpt":{"rendered":"<p>Coloris :\u00a0 jaune pastel &amp; beige<br \/>\nMati\u00e8re : synth\u00e9tique<br \/>\nMati\u00e8re de la semelle : \u00e9lastom\u00e8re<\/p>\n<p><strong>Ce mod\u00e8le chausse normalement, nous vous recommandons de prendre votre pointure habituelle. Si vous \u00eates entre deux pointures, nous vous conseillons de prendre celle au-dessus.\u00a0<\/strong><\/p>\n","protected":false},"featured_media":3548,"comment_status":"open","ping_status":"closed","template":"","meta":[],"product_brand":[],"product_cat":[75,61,34,63],"product_tag":[],"class_list":{"0":"post-3597","1":"product","2":"type-product","3":"status-publish","4":"has-post-thumbnail","6":"product_cat-espadrilles","7":"product_cat-chaussures","8":"product_cat-nouveautes-mave-tendance","9":"product_cat-toutes-les-chaussures","11":"first","12":"instock","13":"taxable","14":"shipping-taxable","15":"purchasable","16":"product-type-variable"},"jetpack_sharing_enabled":true,"_links":{"self":[{"href":"https:\/\/mavetendance.fr\/en\/wp-json\/wp\/v2\/product\/3597","targetHints":{"allow":["GET"]}}],"collection":[{"href":"https:\/\/mavetendance.fr\/en\/wp-json\/wp\/v2\/product"}],"about":[{"href":"https:\/\/mavetendance.fr\/en\/wp-json\/wp\/v2\/types\/product"}],"replies":[{"embeddable":true,"href":"https:\/\/mavetendance.fr\/en\/wp-json\/wp\/v2\/comments?post=3597"}],"wp:featuredmedia":[{"embeddable":true,"href":"https:\/\/mavetendance.fr\/en\/wp-json\/wp\/v2\/media\/3548"}],"wp:attachment":[{"href":"https:\/\/mavetendance.fr\/en\/wp-json\/wp\/v2\/media?parent=3597"}],"wp:term":[{"taxonomy":"product_brand","embeddable":true,"href":"https:\/\/mavetendance.fr\/en\/wp-json\/wp\/v2\/product_brand?post=3597"},{"taxonomy":"product_cat","embeddable":true,"href":"https:\/\/mavetendance.fr\/en\/wp-json\/wp\/v2\/product_cat?post=3597"},{"taxonomy":"product_tag","embeddable":true,"href":"https:\/\/mavetendance.fr\/en\/wp-json\/wp\/v2\/product_tag?post=3597"}],"curies":[{"name":"wp","href":"https:\/\/api.w.org\/{rel}","templated":true}]}}