{"id":3590,"date":"2026-03-06T00:12:19","date_gmt":"2026-03-05T23:12:19","guid":{"rendered":"https:\/\/mavetendance.fr\/?post_type=product&#038;p=3590"},"modified":"2026-03-06T00:12:24","modified_gmt":"2026-03-05T23:12:24","slug":"espadrilles-plates-vahia","status":"publish","type":"product","link":"https:\/\/mavetendance.fr\/en\/product\/espadrilles-plates-vahia\/","title":{"rendered":"Espadrilles plates &#8220;Vahia&#8221;"},"content":{"rendered":"<p>Apportez une touche d&#8217;\u00e9l\u00e9gance \u00e0 vos tenues avec ces espadrilles plates, \u00e0 la fois f\u00e9minine et faciles \u00e0 porter au quotidien. Leur motif brod\u00e9 apporte un charme d\u00e9licat et raffin\u00e9, tout en laissant respirer le pied pour un confort optimal. La bride \u00e9lastique assure un maintien parfait et facilite l&#8217;enfilage. Ces espadrilles offrent un style boh\u00e8me chic tr\u00e8s tendance, id\u00e9al pour la saison.<\/p>\n","protected":false},"excerpt":{"rendered":"<p>Coloris :\u00a0 beige dor\u00e9<br \/>\nMati\u00e8re : synth\u00e9tique<br \/>\nMati\u00e8re de la semelle : corde tress\u00e9e<\/p>\n<p><strong>Ce mod\u00e8le chausse normalement, nous vous recommandons de prendre votre pointure habituelle. Si vous \u00eates entre deux pointures, nous vous conseillons de prendre celle au-dessus.\u00a0<\/strong><\/p>\n","protected":false},"featured_media":3479,"comment_status":"open","ping_status":"closed","template":"","meta":[],"product_brand":[],"product_cat":[61,75,34,63],"product_tag":[],"class_list":{"0":"post-3590","1":"product","2":"type-product","3":"status-publish","4":"has-post-thumbnail","6":"product_cat-chaussures","7":"product_cat-espadrilles","8":"product_cat-nouveautes-mave-tendance","9":"product_cat-toutes-les-chaussures","11":"first","12":"instock","13":"taxable","14":"shipping-taxable","15":"purchasable","16":"product-type-variable"},"jetpack_sharing_enabled":true,"_links":{"self":[{"href":"https:\/\/mavetendance.fr\/en\/wp-json\/wp\/v2\/product\/3590","targetHints":{"allow":["GET"]}}],"collection":[{"href":"https:\/\/mavetendance.fr\/en\/wp-json\/wp\/v2\/product"}],"about":[{"href":"https:\/\/mavetendance.fr\/en\/wp-json\/wp\/v2\/types\/product"}],"replies":[{"embeddable":true,"href":"https:\/\/mavetendance.fr\/en\/wp-json\/wp\/v2\/comments?post=3590"}],"wp:featuredmedia":[{"embeddable":true,"href":"https:\/\/mavetendance.fr\/en\/wp-json\/wp\/v2\/media\/3479"}],"wp:attachment":[{"href":"https:\/\/mavetendance.fr\/en\/wp-json\/wp\/v2\/media?parent=3590"}],"wp:term":[{"taxonomy":"product_brand","embeddable":true,"href":"https:\/\/mavetendance.fr\/en\/wp-json\/wp\/v2\/product_brand?post=3590"},{"taxonomy":"product_cat","embeddable":true,"href":"https:\/\/mavetendance.fr\/en\/wp-json\/wp\/v2\/product_cat?post=3590"},{"taxonomy":"product_tag","embeddable":true,"href":"https:\/\/mavetendance.fr\/en\/wp-json\/wp\/v2\/product_tag?post=3590"}],"curies":[{"name":"wp","href":"https:\/\/api.w.org\/{rel}","templated":true}]}}