{"id":358,"date":"2024-10-13T13:48:59","date_gmt":"2024-10-13T13:48:59","guid":{"rendered":"https:\/\/mavetendance.fr\/?post_type=product&#038;p=358"},"modified":"2025-11-27T00:01:09","modified_gmt":"2025-11-26T23:01:09","slug":"bottines-fourrees-leopard","status":"publish","type":"product","link":"https:\/\/mavetendance.fr\/en\/product\/bottines-fourrees-leopard\/","title":{"rendered":"Bottines fourr\u00e9es l\u00e9opard &#8220;Laurence&#8221;"},"content":{"rendered":"<h2>Bottines fourr\u00e9es l\u00e9opard<\/h2>\n<p>Ces bottines montantes arborent un imprim\u00e9 l\u00e9opard ajoutant une touche sauvage et tendance. Elles sont dot\u00e9es d&#8217;une semelle robuste ainsi que d&#8217;une fourrure synth\u00e9tique \u00e0 l&#8217;int\u00e9rieur.<\/p>\n<p><a href=\"http:\/\/mavetendance.fr\/product-category\/vetements\/\">Voir les autres v\u00eatements de la boutique<\/a><\/p>\n<p><a href=\"https:\/\/www.facebook.com\/profile.php?id=61564390847568&amp;sk=reviews\" target=\"_blank\" rel=\"noopener\">Avis sur Facebook<\/a><\/p>\n","protected":false},"excerpt":{"rendered":"<ul>\n<li>Motifs :\u00a0 l\u00e9opard<\/li>\n<li>Mati\u00e8re de la semelle : \u00e9lastom\u00e8re<\/li>\n<li>Composition : \u00e0 base de polyur\u00e9thane<\/li>\n<li>Autres pr\u00e9cisions : fourrure synth\u00e9tique \u00e0 l&#8217;int\u00e9rieur<\/li>\n<\/ul>\n<p><strong>Ce mod\u00e8le chausse petit, nous vous recommandons de prendre une pointure au dessus de votre pointure habituelle.<\/strong><\/p>\n<p>&nbsp;<\/p>\n","protected":false},"featured_media":1725,"comment_status":"open","ping_status":"closed","template":"","meta":[],"product_brand":[],"product_cat":[37,61,63],"product_tag":[],"class_list":{"0":"post-358","1":"product","2":"type-product","3":"status-publish","4":"has-post-thumbnail","6":"product_cat-bottines-et-bottes","7":"product_cat-chaussures","8":"product_cat-toutes-les-chaussures","10":"first","11":"instock","12":"sale","13":"taxable","14":"shipping-taxable","15":"purchasable","16":"product-type-variable"},"jetpack_sharing_enabled":true,"_links":{"self":[{"href":"https:\/\/mavetendance.fr\/en\/wp-json\/wp\/v2\/product\/358","targetHints":{"allow":["GET"]}}],"collection":[{"href":"https:\/\/mavetendance.fr\/en\/wp-json\/wp\/v2\/product"}],"about":[{"href":"https:\/\/mavetendance.fr\/en\/wp-json\/wp\/v2\/types\/product"}],"replies":[{"embeddable":true,"href":"https:\/\/mavetendance.fr\/en\/wp-json\/wp\/v2\/comments?post=358"}],"wp:featuredmedia":[{"embeddable":true,"href":"https:\/\/mavetendance.fr\/en\/wp-json\/wp\/v2\/media\/1725"}],"wp:attachment":[{"href":"https:\/\/mavetendance.fr\/en\/wp-json\/wp\/v2\/media?parent=358"}],"wp:term":[{"taxonomy":"product_brand","embeddable":true,"href":"https:\/\/mavetendance.fr\/en\/wp-json\/wp\/v2\/product_brand?post=358"},{"taxonomy":"product_cat","embeddable":true,"href":"https:\/\/mavetendance.fr\/en\/wp-json\/wp\/v2\/product_cat?post=358"},{"taxonomy":"product_tag","embeddable":true,"href":"https:\/\/mavetendance.fr\/en\/wp-json\/wp\/v2\/product_tag?post=358"}],"curies":[{"name":"wp","href":"https:\/\/api.w.org\/{rel}","templated":true}]}}