{"id":3576,"date":"2026-03-05T22:47:42","date_gmt":"2026-03-05T21:47:42","guid":{"rendered":"https:\/\/mavetendance.fr\/?post_type=product&#038;p=3576"},"modified":"2026-04-27T23:02:19","modified_gmt":"2026-04-27T22:02:19","slug":"baskets-bijoux-elora","status":"publish","type":"product","link":"https:\/\/mavetendance.fr\/en\/product\/baskets-bijoux-elora\/","title":{"rendered":"Baskets bijoux &#8220;Elora&#8221;"},"content":{"rendered":"<p>Craquez pour ces baskets bijoux au style chic et f\u00e9minin qui apportent une touche d&#8217;originalit\u00e9 \u00e0 toutes vos tenues. Leur mati\u00e8re douce et leurs bijoux d\u00e9coratifs sur les lacets en font une paire aussi \u00e9l\u00e9gante que tendance. Faciles \u00e0 porter au quotidien, elles se marient aussi bien avec un jean, une robe ou un pantalon fluide. Gr\u00e2ce \u00e0 leur semelle compens\u00e9e, elles offrent un confort optimal tout en allongeant subtilement la silhouette.<\/p>\n","protected":false},"excerpt":{"rendered":"<p>Coloris :\u00a0 camel clair<br \/>\nMati\u00e8re : su\u00e9dine<br \/>\nMati\u00e8re de la semelle : \u00e9lastom\u00e8re<br \/>\nComposition : \u00e0 base de polyur\u00e9thane<\/p>\n<p><strong>Ce mod\u00e8le chausse normalement, nous vous recommandons de prendre votre pointure habituelle. Si vous \u00eates entre deux pointures, nous vous conseillons de prendre celle au-dessus.\u00a0<\/strong><\/p>\n","protected":false},"featured_media":3470,"comment_status":"open","ping_status":"closed","template":"","meta":[],"product_brand":[],"product_cat":[61,36,34,63],"product_tag":[],"class_list":{"0":"post-3576","1":"product","2":"type-product","3":"status-publish","4":"has-post-thumbnail","6":"product_cat-chaussures","7":"product_cat-baskets-mave-tendance","8":"product_cat-nouveautes-mave-tendance","9":"product_cat-toutes-les-chaussures","11":"first","12":"instock","13":"taxable","14":"shipping-taxable","15":"purchasable","16":"product-type-variable"},"jetpack_sharing_enabled":true,"_links":{"self":[{"href":"https:\/\/mavetendance.fr\/en\/wp-json\/wp\/v2\/product\/3576","targetHints":{"allow":["GET"]}}],"collection":[{"href":"https:\/\/mavetendance.fr\/en\/wp-json\/wp\/v2\/product"}],"about":[{"href":"https:\/\/mavetendance.fr\/en\/wp-json\/wp\/v2\/types\/product"}],"replies":[{"embeddable":true,"href":"https:\/\/mavetendance.fr\/en\/wp-json\/wp\/v2\/comments?post=3576"}],"wp:featuredmedia":[{"embeddable":true,"href":"https:\/\/mavetendance.fr\/en\/wp-json\/wp\/v2\/media\/3470"}],"wp:attachment":[{"href":"https:\/\/mavetendance.fr\/en\/wp-json\/wp\/v2\/media?parent=3576"}],"wp:term":[{"taxonomy":"product_brand","embeddable":true,"href":"https:\/\/mavetendance.fr\/en\/wp-json\/wp\/v2\/product_brand?post=3576"},{"taxonomy":"product_cat","embeddable":true,"href":"https:\/\/mavetendance.fr\/en\/wp-json\/wp\/v2\/product_cat?post=3576"},{"taxonomy":"product_tag","embeddable":true,"href":"https:\/\/mavetendance.fr\/en\/wp-json\/wp\/v2\/product_tag?post=3576"}],"curies":[{"name":"wp","href":"https:\/\/api.w.org\/{rel}","templated":true}]}}