{"id":2951,"date":"2025-03-10T16:30:29","date_gmt":"2025-03-10T15:30:29","guid":{"rendered":"https:\/\/mavetendance.fr\/?post_type=product&#038;p=2951"},"modified":"2026-04-29T21:32:15","modified_gmt":"2026-04-29T20:32:15","slug":"baskets-pastel-chaussures-saint-dizier","status":"publish","type":"product","link":"https:\/\/mavetendance.fr\/en\/product\/baskets-pastel-chaussures-saint-dizier\/","title":{"rendered":"Baskets pastel &#8220;Roxane&#8221;"},"content":{"rendered":"<h2>Baskets pastel<\/h2>\n<p>Ajoutez une touche de fantaisie \u00e0 votre quotidien avec ces baskets aux nuances pastel, m\u00ealant subtilement rose, bleu et vert. Leur semelle et leurs lacets color\u00e9s vous assurent un confort optimal et un style r\u00e9solument tendance.<\/p>\n<p>Le petit plus : elles rehaussent instantan\u00e9ment n&#8217;importe quelle tenue, du jean casual \u00e0 la jupe fluide pour un twist ultra-moderne.<\/p>\n<p><a href=\"http:\/\/mavetendance.fr\/product-category\/vetements\/\">Voir les autres v\u00eatements de la boutique<\/a><\/p>\n<p><a href=\"https:\/\/www.facebook.com\/profile.php?id=61564390847568&amp;sk=reviews\" target=\"_blank\" rel=\"noopener\">Avis sur Facebook<\/a><\/p>\n","protected":false},"excerpt":{"rendered":"<p>Coloris :\u00a0 rose, bleu et vert<br \/>\nMati\u00e8re : su\u00e9dine<br \/>\nMati\u00e8re de la semelle : \u00e9lastom\u00e8re<br \/>\nComposition : \u00e0 base de polyur\u00e9thane<\/p>\n<p><strong>Ce mod\u00e8le chausse normalement, nous vous recommandons de prendre votre pointure habituelle. Si vous \u00eates entre deux pointures, nous vous conseillons de prendre celle au-dessus.\u00a0<\/strong><\/p>\n","protected":false},"featured_media":2970,"comment_status":"open","ping_status":"closed","template":"","meta":[],"product_brand":[],"product_cat":[61,36,63],"product_tag":[],"class_list":{"0":"post-2951","1":"product","2":"type-product","3":"status-publish","4":"has-post-thumbnail","6":"product_cat-chaussures","7":"product_cat-baskets-mave-tendance","8":"product_cat-toutes-les-chaussures","10":"first","11":"outofstock","12":"taxable","13":"shipping-taxable","14":"product-type-variable"},"jetpack_sharing_enabled":true,"_links":{"self":[{"href":"https:\/\/mavetendance.fr\/en\/wp-json\/wp\/v2\/product\/2951","targetHints":{"allow":["GET"]}}],"collection":[{"href":"https:\/\/mavetendance.fr\/en\/wp-json\/wp\/v2\/product"}],"about":[{"href":"https:\/\/mavetendance.fr\/en\/wp-json\/wp\/v2\/types\/product"}],"replies":[{"embeddable":true,"href":"https:\/\/mavetendance.fr\/en\/wp-json\/wp\/v2\/comments?post=2951"}],"wp:featuredmedia":[{"embeddable":true,"href":"https:\/\/mavetendance.fr\/en\/wp-json\/wp\/v2\/media\/2970"}],"wp:attachment":[{"href":"https:\/\/mavetendance.fr\/en\/wp-json\/wp\/v2\/media?parent=2951"}],"wp:term":[{"taxonomy":"product_brand","embeddable":true,"href":"https:\/\/mavetendance.fr\/en\/wp-json\/wp\/v2\/product_brand?post=2951"},{"taxonomy":"product_cat","embeddable":true,"href":"https:\/\/mavetendance.fr\/en\/wp-json\/wp\/v2\/product_cat?post=2951"},{"taxonomy":"product_tag","embeddable":true,"href":"https:\/\/mavetendance.fr\/en\/wp-json\/wp\/v2\/product_tag?post=2951"}],"curies":[{"name":"wp","href":"https:\/\/api.w.org\/{rel}","templated":true}]}}